                                                                                                                                                                                                                                                                                                                                                                                                                                                                   {"id":3268,"date":"2026-01-05T08:13:32","date_gmt":"2026-01-05T11:13:32","guid":{"rendered":"https:\/\/digesto.hcd25demayomisiones.gob.ar\/?page_id=3268"},"modified":"2026-01-05T08:16:12","modified_gmt":"2026-01-05T11:16:12","slug":"rama-xiv-tercera-consolidacion","status":"publish","type":"page","link":"https:\/\/digesto.hcd25demayomisiones.gob.ar\/index.php\/rama-xiv-tercera-consolidacion\/","title":{"rendered":"RAMA XIV (Tercera Consolidaci\u00f3n)"},"content":{"rendered":"\n<div style=\"border: 2px solid #004080; border-radius: 8px; padding: 12px; margin-bottom: 16px; background-color: #f5f8ff;\">\n  <h3 style=\"margin-top: 0; color: #004080;\">\ud83d\udcc4 ORDENANZA XIV N\u00ba 1 <small>(Antes Ordenanza 23\/05)<\/small><\/h3>\n  <p>Dona a la Biblioteca Popular Victorio Cardozo el terreno actualmente ocupado en calle Primeros Colonizadores.<\/p>\n  <a href=\"https:\/\/digesto.hcd25demayomisiones.gob.ar\/wp-content\/uploads\/2026\/01\/ORDENANZA-XIV-N\u00b0-1.pdf\" target=\"_blank\" style=\"color: #004080; font-weight: bold;\" rel=\"noopener\">\ud83d\udce5 Descargar PDF<\/a>\n<\/div>\n\n<div style=\"border: 2px solid #004080; border-radius: 8px; padding: 12px; margin-bottom: 16px; background-color: #f5f8ff;\">\n  <h3 style=\"margin-top: 0; color: #004080;\">\ud83d\udcc4 ORDENANZA XIV N\u00ba 2 <small>(Antes Ordenanza 14\/05)<\/small><\/h3>\n  <p>Afecta terreno para la construcci\u00f3n de la Terminal de \u00d3mnibus sobre Ruta Provincial N\u00ba 8.<\/p>\n  <a href=\"https:\/\/digesto.hcd25demayomisiones.gob.ar\/wp-content\/uploads\/2026\/01\/ORDENANZA-XIV-N\u00b0-2.pdf\" target=\"_blank\" style=\"color: #004080; font-weight: bold;\" rel=\"noopener\">\ud83d\udce5 Descargar PDF<\/a>\n<\/div>\n\n<div style=\"border: 2px solid #004080; border-radius: 8px; padding: 12px; margin-bottom: 16px; background-color: #f5f8ff;\">\n  <h3 style=\"margin-top: 0; color: #004080;\">\ud83d\udcc4 ORDENANZA XIV N\u00ba 3 <small>(Antes Ordenanza 18\/13)<\/small><\/h3>\n  <p>Desafecta uso p\u00fablico y afecta como uso privado fracci\u00f3n para ejecuci\u00f3n de sal\u00f3n de usos m\u00faltiples.<\/p>\n  <a href=\"https:\/\/digesto.hcd25demayomisiones.gob.ar\/wp-content\/uploads\/2026\/01\/ORDENANZA-XIV-\u2013-N\u00b0-3.pdf\" target=\"_blank\" style=\"color: #004080; font-weight: bold;\" rel=\"noopener\">\ud83d\udce5 Descargar PDF<\/a>\n<\/div>\n\n<div style=\"border: 2px solid #004080; border-radius: 8px; padding: 12px; margin-bottom: 16px; background-color: #f5f8ff;\">\n  <h3 style=\"margin-top: 0; color: #004080;\">\ud83d\udcc4 ORDENANZA XIV N\u00ba 4 <small>(Antes Ordenanza 03\/06)<\/small><\/h3>\n  <p>Transfiere al IPRODHA una fracci\u00f3n de 15.000 m\u00b2 para ejecuci\u00f3n de viviendas.<\/p>\n  <a href=\"https:\/\/digesto.hcd25demayomisiones.gob.ar\/wp-content\/uploads\/2026\/01\/ORDENANZA-XIV-N\u00b0-4.pdf\" target=\"_blank\" style=\"color: #004080; font-weight: bold;\" rel=\"noopener\">\ud83d\udce5 Descargar PDF<\/a>\n<\/div>\n\n<div style=\"border: 2px solid #004080; border-radius: 8px; padding: 12px; margin-bottom: 16px; background-color: #f5f8ff;\">\n  <h3 style=\"margin-top: 0; color: #004080;\">\ud83d\udcc4 ORDENANZA XIV N\u00ba 5 <small>(Antes Ordenanza 14\/02)<\/small><\/h3>\n  <p>Autoriza donaci\u00f3n de terreno a Bomberos Voluntarios de 25 de Mayo.<\/p>\n  <a href=\"https:\/\/digesto.hcd25demayomisiones.gob.ar\/wp-content\/uploads\/2026\/01\/ORDENANZA-XIV-N\u00b0-5.pdf\" target=\"_blank\" style=\"color: #004080; font-weight: bold;\" rel=\"noopener\">\ud83d\udce5 Descargar PDF<\/a>\n<\/div>\n\n<div style=\"border: 2px solid #004080; border-radius: 8px; padding: 12px; margin-bottom: 16px; background-color: #f5f8ff;\">\n  <h3 style=\"margin-top: 0; color: #004080;\">\ud83d\udcc4 ORDENANZA XIV N\u00ba 6 <small>(Antes Ordenanza 40\/04)<\/small><\/h3>\n  <p>Autoriza compra de terreno en Barrio Nuevo para construcci\u00f3n de Sal\u00f3n de Usos M\u00faltiples (SUM).<\/p>\n  <a href=\"https:\/\/digesto.hcd25demayomisiones.gob.ar\/wp-content\/uploads\/2026\/01\/ORDENANZA-XIV-N\u00b0-6.pdf\" target=\"_blank\" style=\"color: #004080; font-weight: bold;\" rel=\"noopener\">\ud83d\udce5 Descargar PDF<\/a>\n<\/div>\n\n<div style=\"border: 2px solid #004080; border-radius: 8px; padding: 12px; margin-bottom: 16px; background-color: #f5f8ff;\">\n  <h3 style=\"margin-top: 0; color: #004080;\">\ud83d\udcc4 ORDENANZA XIV N\u00ba 7 <small>(Antes Ordenanza 06\/09)<\/small><\/h3>\n  <p>Determina como lote urbano al Lote 16 \u2013 L seg\u00fan plano aprobado por Catastro.<\/p>\n  <a href=\"https:\/\/digesto.hcd25demayomisiones.gob.ar\/wp-content\/uploads\/2026\/01\/ORDENANZA-XIV-N\u00b0-7.pdf\" target=\"_blank\" style=\"color: #004080; font-weight: bold;\" rel=\"noopener\">\ud83d\udce5 Descargar PDF<\/a>\n<\/div>\n","protected":false},"excerpt":{"rendered":"<p>\ud83d\udcc4 ORDENANZA XIV N\u00ba 1 (Antes Ordenanza 23\/05) Dona a la Biblioteca Popular Victorio Cardozo el terreno actualmente ocupado en calle Primeros Colonizadores. \ud83d\udce5 Descargar PDF \ud83d\udcc4 ORDENANZA XIV N\u00ba 2 (Antes Ordenanza 14\/05) Afecta terreno para la construcci\u00f3n de &hellip; <a href=\"https:\/\/digesto.hcd25demayomisiones.gob.ar\/index.php\/rama-xiv-tercera-consolidacion\/\">Segu\u00ed leyendo <span class=\"meta-nav\">&rarr;<\/span><\/a><\/p>\n","protected":false},"author":1,"featured_media":0,"parent":0,"menu_order":0,"comment_status":"closed","ping_status":"closed","template":"","meta":{"footnotes":""},"aioseo_notices":[],"_links":{"self":[{"href":"https:\/\/digesto.hcd25demayomisiones.gob.ar\/index.php\/wp-json\/wp\/v2\/pages\/3268"}],"collection":[{"href":"https:\/\/digesto.hcd25demayomisiones.gob.ar\/index.php\/wp-json\/wp\/v2\/pages"}],"about":[{"href":"https:\/\/digesto.hcd25demayomisiones.gob.ar\/index.php\/wp-json\/wp\/v2\/types\/page"}],"author":[{"embeddable":true,"href":"https:\/\/digesto.hcd25demayomisiones.gob.ar\/index.php\/wp-json\/wp\/v2\/users\/1"}],"replies":[{"embeddable":true,"href":"https:\/\/digesto.hcd25demayomisiones.gob.ar\/index.php\/wp-json\/wp\/v2\/comments?post=3268"}],"version-history":[{"count":8,"href":"https:\/\/digesto.hcd25demayomisiones.gob.ar\/index.php\/wp-json\/wp\/v2\/pages\/3268\/revisions"}],"predecessor-version":[{"id":3283,"href":"https:\/\/digesto.hcd25demayomisiones.gob.ar\/index.php\/wp-json\/wp\/v2\/pages\/3268\/revisions\/3283"}],"wp:attachment":[{"href":"https:\/\/digesto.hcd25demayomisiones.gob.ar\/index.php\/wp-json\/wp\/v2\/media?parent=3268"}],"curies":[{"name":"wp","href":"https:\/\/api.w.org\/{rel}","templated":true}]}}