                                                                                                                                                                                                                                                                                                                                                                                                                                                                   {"id":3263,"date":"2026-01-05T08:05:38","date_gmt":"2026-01-05T11:05:38","guid":{"rendered":"https:\/\/digesto.hcd25demayomisiones.gob.ar\/?page_id=3263"},"modified":"2026-01-05T08:08:00","modified_gmt":"2026-01-05T11:08:00","slug":"rama-xiii-tercera-consolidacion","status":"publish","type":"page","link":"https:\/\/digesto.hcd25demayomisiones.gob.ar\/index.php\/rama-xiii-tercera-consolidacion\/","title":{"rendered":"RAMA XIII (Tercera Consolidaci\u00f3n)"},"content":{"rendered":"\n<div style=\"border: 2px solid #004080; border-radius: 8px; padding: 12px; margin-bottom: 16px; background-color: #f5f8ff;\">\n  <h3 style=\"margin-top: 0; color: #004080;\">\ud83d\udcc4 ORDENANZA XIII N\u00ba 1 <small>(Antes Ordenanza 50\/2022)<\/small><\/h3>\n  <p>Establece un marco de actuaci\u00f3n de la Defensa Civil local, mediante planes, programas y pol\u00edticas p\u00fablicas ante emergencias y desastres naturales o provocados.<\/p>\n  <a href=\"https:\/\/digesto.hcd25demayomisiones.gob.ar\/wp-content\/uploads\/2026\/01\/ORDENANZA-XIII-\u2013-No-1.pdf\" target=\"_blank\" style=\"color: #004080; font-weight: bold;\" rel=\"noopener\">\ud83d\udce5 Descargar PDF<\/a>\n<\/div>\n","protected":false},"excerpt":{"rendered":"<p>\ud83d\udcc4 ORDENANZA XIII N\u00ba 1 (Antes Ordenanza 50\/2022) Establece un marco de actuaci\u00f3n de la Defensa Civil local, mediante planes, programas y pol\u00edticas p\u00fablicas ante emergencias y desastres naturales o provocados. \ud83d\udce5 Descargar PDF<\/p>\n","protected":false},"author":1,"featured_media":0,"parent":0,"menu_order":0,"comment_status":"closed","ping_status":"closed","template":"","meta":{"footnotes":""},"aioseo_notices":[],"_links":{"self":[{"href":"https:\/\/digesto.hcd25demayomisiones.gob.ar\/index.php\/wp-json\/wp\/v2\/pages\/3263"}],"collection":[{"href":"https:\/\/digesto.hcd25demayomisiones.gob.ar\/index.php\/wp-json\/wp\/v2\/pages"}],"about":[{"href":"https:\/\/digesto.hcd25demayomisiones.gob.ar\/index.php\/wp-json\/wp\/v2\/types\/page"}],"author":[{"embeddable":true,"href":"https:\/\/digesto.hcd25demayomisiones.gob.ar\/index.php\/wp-json\/wp\/v2\/users\/1"}],"replies":[{"embeddable":true,"href":"https:\/\/digesto.hcd25demayomisiones.gob.ar\/index.php\/wp-json\/wp\/v2\/comments?post=3263"}],"version-history":[{"count":2,"href":"https:\/\/digesto.hcd25demayomisiones.gob.ar\/index.php\/wp-json\/wp\/v2\/pages\/3263\/revisions"}],"predecessor-version":[{"id":3267,"href":"https:\/\/digesto.hcd25demayomisiones.gob.ar\/index.php\/wp-json\/wp\/v2\/pages\/3263\/revisions\/3267"}],"wp:attachment":[{"href":"https:\/\/digesto.hcd25demayomisiones.gob.ar\/index.php\/wp-json\/wp\/v2\/media?parent=3263"}],"curies":[{"name":"wp","href":"https:\/\/api.w.org\/{rel}","templated":true}]}}