                                                                                                                                                                                                                                                                                                                                                                                                                                                                   {"id":3210,"date":"2026-01-02T19:55:56","date_gmt":"2026-01-02T22:55:56","guid":{"rendered":"https:\/\/digesto.hcd25demayomisiones.gob.ar\/?page_id=3210"},"modified":"2026-01-02T20:00:20","modified_gmt":"2026-01-02T23:00:20","slug":"rama-vii-tercera-consolidacion-2","status":"publish","type":"page","link":"https:\/\/digesto.hcd25demayomisiones.gob.ar\/index.php\/rama-vii-tercera-consolidacion-2\/","title":{"rendered":"RAMA VIII (Tercera Consolidaci\u00f3n)"},"content":{"rendered":"\n<p><\/p>\n\n\n\n<div style=\"border: 2px solid #004080; border-radius: 8px; padding: 12px; margin-bottom: 16px; background-color: #f5f8ff;\">\n  <h3 style=\"margin-top: 0; color: #004080;\">\ud83d\udcc4 ORDENANZA VIII N\u00ba 1 <small>(Antes Ordenanza 13\/00)<\/small><\/h3>\n  <p>Proh\u00edbe loteo en \u00e1reas no aptas para preservar ecosistemas locales.<\/p>\n  <a href=\"https:\/\/digesto.hcd25demayomisiones.gob.ar\/wp-content\/uploads\/2025\/12\/ORDENANZA-VIII-No-1.pdf\" target=\"_blank\" style=\"color: #004080; font-weight: bold;\" rel=\"noopener\">\ud83d\udce5 Descargar PDF<\/a>\n<\/div>\n\n<div style=\"border: 2px solid #004080; border-radius: 8px; padding: 12px; margin-bottom: 16px; background-color: #f5f8ff;\">\n  <h3 style=\"margin-top: 0; color: #004080;\">\ud83d\udcc4 ORDENANZA VIII N\u00ba 2 <small>(Antes Ordenanza 45\/04)<\/small><\/h3>\n  <p>Protecci\u00f3n ambiental frente a perturbaciones por ruidos y vibraciones.<\/p>\n  <a href=\"https:\/\/digesto.hcd25demayomisiones.gob.ar\/wp-content\/uploads\/2025\/12\/ORDENANZA-VIII-N\u00b0-2.pdf\" target=\"_blank\" style=\"color: #004080; font-weight: bold;\" rel=\"noopener\">\ud83d\udce5 Descargar PDF<\/a>\n<\/div>\n\n<div style=\"border: 2px solid #004080; border-radius: 8px; padding: 12px; margin-bottom: 16px; background-color: #f5f8ff;\">\n  <h3 style=\"margin-top: 0; color: #004080;\">\ud83d\udcc4 ORDENANZA VIII N\u00ba 4 <small>(Antes Ordenanza 16\/17)<\/small><\/h3>\n  <p>Adhiere al Programa Nacional de Descontaminaci\u00f3n y Descompactaci\u00f3n. Incluye Anexos I, II y III.<\/p>\n  <a href=\"https:\/\/digesto.hcd25demayomisiones.gob.ar\/wp-content\/uploads\/2025\/12\/ORDENANZA-VIII-No-4.pdf\" target=\"_blank\" style=\"color: #004080; font-weight: bold;\" rel=\"noopener\">\ud83d\udce5 Descargar PDF<\/a>\n<\/div>\n\n<div style=\"border: 2px solid #004080; border-radius: 8px; padding: 12px; margin-bottom: 16px; background-color: #f5f8ff;\">\n  <h3 style=\"margin-top: 0; color: #004080;\">\ud83d\udcc4 ORDENANZA VIII N\u00ba 5 <small>(Antes Ordenanza 33\/20)<\/small><\/h3>\n  <p>Regulaci\u00f3n de tratamiento de neum\u00e1ticos fuera de uso y tasa de compensaci\u00f3n ambiental.<\/p>\n  <a href=\"https:\/\/digesto.hcd25demayomisiones.gob.ar\/wp-content\/uploads\/2025\/07\/ORDENANZA-VIII-No5_-ANEXO.pdf\" target=\"_blank\" style=\"color: #004080; font-weight: bold;\" rel=\"noopener\">\ud83d\udce5 Descargar PDF<\/a>\n<\/div>\n\n<div style=\"border: 2px solid #004080; border-radius: 8px; padding: 12px; margin-bottom: 16px; background-color: #f5f8ff;\">\n  <h3 style=\"margin-top: 0; color: #004080;\">\ud83d\udcc4 ORDENANZA VIII N\u00ba 6 <small>(Antes Ordenanza 14\/23)<\/small><\/h3>\n  <p>Aprueba el C\u00f3digo Ambiental Municipal. Forma parte como Anexo \u00danico.<\/p>\n  <a href=\"https:\/\/digesto.hcd25demayomisiones.gob.ar\/wp-content\/uploads\/2025\/07\/ORDENANZA-VIII-No6_-ANEXO.pdf\" target=\"_blank\" style=\"color: #004080; font-weight: bold;\" rel=\"noopener\">\ud83d\udce5 Descargar PDF<\/a>\n<\/div>\n\n<div style=\"border: 2px solid #004080; border-radius: 8px; padding: 12px; margin-bottom: 16px; background-color: #f5f8ff;\">\n  <h3 style=\"margin-top: 0; color: #004080;\">\ud83d\udcc4 ORDENANZA VIII N\u00ba 8<\/h3>\n  <p>Aprueba normativa de Cuidado Responsable de la Fauna Urbana y Rural. Incluye Anexo \u00danico.<\/p>\n  <a href=\"https:\/\/digesto.hcd25demayomisiones.gob.ar\/wp-content\/uploads\/2025\/12\/ORDENANZA-VIII-No-8.pdf\" target=\"_blank\" style=\"color: #004080; font-weight: bold;\" rel=\"noopener\">\ud83d\udce5 Descargar PDF<\/a>\n<\/div>\n\n<div style=\"border: 2px solid #004080; border-radius: 8px; padding: 12px; margin-bottom: 16px; background-color: #f5f8ff;\">\n  <h3 style=\"margin-top: 0; color: #004080;\">\ud83d\udcc4 ORDENANZA VIII N\u00ba 9<\/h3>\n  <p>Reglamento de padrinazgo ambiental. Forma parte como Anexo I de la presente ordenanza.<\/p>\n  <a href=\"https:\/\/digesto.hcd25demayomisiones.gob.ar\/wp-content\/uploads\/2025\/12\/ORDENANZA-VIII-No-9.pdf\" target=\"_blank\" style=\"color: #004080; font-weight: bold;\" rel=\"noopener\">\ud83d\udce5 Descargar PDF<\/a>\n<\/div>\n\n","protected":false},"excerpt":{"rendered":"<p>\ud83d\udcc4 ORDENANZA VIII N\u00ba 1 (Antes Ordenanza 13\/00) Proh\u00edbe loteo en \u00e1reas no aptas para preservar ecosistemas locales. \ud83d\udce5 Descargar PDF \ud83d\udcc4 ORDENANZA VIII N\u00ba 2 (Antes Ordenanza 45\/04) Protecci\u00f3n ambiental frente a perturbaciones por ruidos y vibraciones. \ud83d\udce5 Descargar &hellip; <a href=\"https:\/\/digesto.hcd25demayomisiones.gob.ar\/index.php\/rama-vii-tercera-consolidacion-2\/\">Segu\u00ed leyendo <span class=\"meta-nav\">&rarr;<\/span><\/a><\/p>\n","protected":false},"author":1,"featured_media":0,"parent":0,"menu_order":0,"comment_status":"closed","ping_status":"closed","template":"","meta":{"footnotes":""},"aioseo_notices":[],"_links":{"self":[{"href":"https:\/\/digesto.hcd25demayomisiones.gob.ar\/index.php\/wp-json\/wp\/v2\/pages\/3210"}],"collection":[{"href":"https:\/\/digesto.hcd25demayomisiones.gob.ar\/index.php\/wp-json\/wp\/v2\/pages"}],"about":[{"href":"https:\/\/digesto.hcd25demayomisiones.gob.ar\/index.php\/wp-json\/wp\/v2\/types\/page"}],"author":[{"embeddable":true,"href":"https:\/\/digesto.hcd25demayomisiones.gob.ar\/index.php\/wp-json\/wp\/v2\/users\/1"}],"replies":[{"embeddable":true,"href":"https:\/\/digesto.hcd25demayomisiones.gob.ar\/index.php\/wp-json\/wp\/v2\/comments?post=3210"}],"version-history":[{"count":7,"href":"https:\/\/digesto.hcd25demayomisiones.gob.ar\/index.php\/wp-json\/wp\/v2\/pages\/3210\/revisions"}],"predecessor-version":[{"id":3218,"href":"https:\/\/digesto.hcd25demayomisiones.gob.ar\/index.php\/wp-json\/wp\/v2\/pages\/3210\/revisions\/3218"}],"wp:attachment":[{"href":"https:\/\/digesto.hcd25demayomisiones.gob.ar\/index.php\/wp-json\/wp\/v2\/media?parent=3210"}],"curies":[{"name":"wp","href":"https:\/\/api.w.org\/{rel}","templated":true}]}}