                                                                                                                                                                                                                                                                                                                                                                                                                                                                   {"id":3168,"date":"2026-01-02T19:08:13","date_gmt":"2026-01-02T22:08:13","guid":{"rendered":"https:\/\/digesto.hcd25demayomisiones.gob.ar\/?page_id=3168"},"modified":"2026-01-02T19:16:31","modified_gmt":"2026-01-02T22:16:31","slug":"rama-iv-tercera-consolidacion","status":"publish","type":"page","link":"https:\/\/digesto.hcd25demayomisiones.gob.ar\/index.php\/rama-iv-tercera-consolidacion\/","title":{"rendered":"RAMA IV (Tercera Consolidaci\u00f3n)"},"content":{"rendered":"\n<div style=\"border: 2px solid #004080; border-radius: 8px; padding: 12px; margin-bottom: 16px; background-color: #f5f8ff;\">\n  <h3 style=\"margin-top: 0; color: #004080;\">\ud83d\udcc4 ORDENANZA IV N\u00ba 1 <small>(Antes Ordenanza 13\/92)<\/small><\/h3>\n  <p>Establece como Anexo \u00danico la tabla detallada de calles y rangos de numeraci\u00f3n que forman parte de la presente ordenanza.<\/p>\n  <a href=\"https:\/\/digesto.hcd25demayomisiones.gob.ar\/wp-content\/uploads\/2025\/12\/ORDENANZA-IV-No-1.pdf\" target=\"_blank\" style=\"color: #004080; font-weight: bold;\" rel=\"noopener\">\ud83d\udce5 Descargar PDF<\/a>\n<\/div>\n\n<div style=\"border: 2px solid #004080; border-radius: 8px; padding: 12px; margin-bottom: 16px; background-color: #f5f8ff;\">\n  <h3 style=\"margin-top: 0; color: #004080;\">\ud83d\udcc4 ORDENANZA IV N\u00ba 2 <small>(Antes Ordenanza 18\/14)<\/small><\/h3>\n  <p>Impone el nombre \u201cFiesta Municipal del Colono\u201d a la celebraci\u00f3n realizada cada tercer domingo de diciembre por la comunidad Saltos del Pindayt\u00ed.<\/p>\n  <a href=\"https:\/\/digesto.hcd25demayomisiones.gob.ar\/wp-content\/uploads\/2025\/12\/ORDENANZA-IV-No-2.pdf\" target=\"_blank\" style=\"color: #004080; font-weight: bold;\" rel=\"noopener\">\ud83d\udce5 Descargar PDF<\/a>\n<\/div>\n<div style=\"border: 2px solid #004080; border-radius: 8px; padding: 12px; margin-bottom: 16px; background-color: #f5f8ff;\">\n  <h3 style=\"margin-top: 0; color: #004080;\">\ud83d\udcc4 ORDENANZA IV N\u00ba 3 <small>(Antes Ordenanza 25\/16)<\/small><\/h3>\n  <p>Implementa el uso de la leyenda \u201cCapital Provincial de la Amistad\u201d junto al logo del Festival en documentos oficiales.<\/p>\n  <a href=\"https:\/\/digesto.hcd25demayomisiones.gob.ar\/wp-content\/uploads\/2025\/12\/ORDENANZA-IV-No-3.pdf\" target=\"_blank\" style=\"color: #004080; font-weight: bold;\" rel=\"noopener\">\ud83d\udce5 Descargar PDF<\/a>\n<\/div>\n<div style=\"border: 2px solid #004080; border-radius: 8px; padding: 12px; margin-bottom: 16px; background-color: #f5f8ff;\">\n  <h3 style=\"margin-top: 0; color: #004080;\">\ud83d\udcc4 ORDENANZA IV N\u00ba 4 <small>(Antes Ordenanza 27\/16)<\/small><\/h3>\n  <p>Reglamento de uso del Sal\u00f3n de Usos M\u00faltiples, con Anexo I como instrumento \u00fanico v\u00e1lido.<\/p>\n  <a href=\"https:\/\/digesto.hcd25demayomisiones.gob.ar\/wp-content\/uploads\/2025\/12\/ORDENANZA-IV-No-4.pdf\" target=\"_blank\" style=\"color: #004080; font-weight: bold;\" rel=\"noopener\">\ud83d\udce5 Descargar PDF<\/a>\n<\/div>\n<div style=\"border: 2px solid #004080; border-radius: 8px; padding: 12px; margin-bottom: 16px; background-color: #f5f8ff;\">\n  <h3 style=\"margin-top: 0; color: #004080;\">\ud83d\udcc4 ORDENANZA IV N\u00ba 5 <small>(Antes Ordenanza 25\/19)<\/small><\/h3>\n  <p>Adhiere a convenio interinstitucional para implementar contenidos de educaci\u00f3n en seguridad vial.<\/p>\n  <a href=\"https:\/\/digesto.hcd25demayomisiones.gob.ar\/wp-content\/uploads\/2025\/12\/ORDENANZA-IV-No-5.pdf\"_blank\" style=\"color: #004080; font-weight: bold;\" rel=\"noopener\">\ud83d\udce5 Descargar PDF<\/a>\n<\/div>\n<div style=\"border: 2px solid #004080; border-radius: 8px; padding: 12px; margin-bottom: 16px; background-color: #f5f8ff;\">\n  <h3 style=\"margin-top: 0; color: #004080;\">\ud83d\udcc4 ORDENANZA IV N\u00ba 8 <\/small><\/h3>\n  <p>Se crea el sistema de becas para estudiantes del Municipio de 25 de Mayo.<\/p>\n  <a href=\"https:\/\/digesto.hcd25demayomisiones.gob.ar\/wp-content\/uploads\/2025\/12\/ORDENANZA-IV-\u2013-No-8.pdf\"_blank\" style=\"color: #004080; font-weight: bold;\" rel=\"noopener\">\ud83d\udce5 Descargar PDF<\/a>\n<\/div>\n<div style=\"border: 2px solid #004080; border-radius: 8px; padding: 12px; margin-bottom: 16px; background-color: #f5f8ff;\">\n  <h3 style=\"margin-top: 0; color: #004080;\">\ud83d\udcc4 ORDENANZA IV N\u00ba 14 <small><\/h3>\n  <p>Se crea la Junta De Estudios Hist\u00f3ricos De 25 De Mayo.<\/p>\n  <a href=\"https:\/\/digesto.hcd25demayomisiones.gob.ar\/wp-content\/uploads\/2025\/12\/ORDENANZA-IV-No-14.pdf\"_blank\" style=\"color: #004080; font-weight: bold;\" rel=\"noopener\">\ud83d\udce5 Descargar PDF<\/a>\n<\/div>\n","protected":false},"excerpt":{"rendered":"<p>\ud83d\udcc4 ORDENANZA IV N\u00ba 1 (Antes Ordenanza 13\/92) Establece como Anexo \u00danico la tabla detallada de calles y rangos de numeraci\u00f3n que forman parte de la presente ordenanza. \ud83d\udce5 Descargar PDF \ud83d\udcc4 ORDENANZA IV N\u00ba 2 (Antes Ordenanza 18\/14) Impone &hellip; <a href=\"https:\/\/digesto.hcd25demayomisiones.gob.ar\/index.php\/rama-iv-tercera-consolidacion\/\">Segu\u00ed leyendo <span class=\"meta-nav\">&rarr;<\/span><\/a><\/p>\n","protected":false},"author":1,"featured_media":0,"parent":0,"menu_order":0,"comment_status":"closed","ping_status":"closed","template":"","meta":{"footnotes":""},"aioseo_notices":[],"_links":{"self":[{"href":"https:\/\/digesto.hcd25demayomisiones.gob.ar\/index.php\/wp-json\/wp\/v2\/pages\/3168"}],"collection":[{"href":"https:\/\/digesto.hcd25demayomisiones.gob.ar\/index.php\/wp-json\/wp\/v2\/pages"}],"about":[{"href":"https:\/\/digesto.hcd25demayomisiones.gob.ar\/index.php\/wp-json\/wp\/v2\/types\/page"}],"author":[{"embeddable":true,"href":"https:\/\/digesto.hcd25demayomisiones.gob.ar\/index.php\/wp-json\/wp\/v2\/users\/1"}],"replies":[{"embeddable":true,"href":"https:\/\/digesto.hcd25demayomisiones.gob.ar\/index.php\/wp-json\/wp\/v2\/comments?post=3168"}],"version-history":[{"count":10,"href":"https:\/\/digesto.hcd25demayomisiones.gob.ar\/index.php\/wp-json\/wp\/v2\/pages\/3168\/revisions"}],"predecessor-version":[{"id":3182,"href":"https:\/\/digesto.hcd25demayomisiones.gob.ar\/index.php\/wp-json\/wp\/v2\/pages\/3168\/revisions\/3182"}],"wp:attachment":[{"href":"https:\/\/digesto.hcd25demayomisiones.gob.ar\/index.php\/wp-json\/wp\/v2\/media?parent=3168"}],"curies":[{"name":"wp","href":"https:\/\/api.w.org\/{rel}","templated":true}]}}