                                                                                                                                                                                                                                                                                                                                                                                                                                                                   {"id":290,"date":"2023-12-20T20:04:10","date_gmt":"2023-12-20T23:04:10","guid":{"rendered":"https:\/\/digesto.hcd25demayomisiones.gob.ar\/?page_id=290"},"modified":"2025-08-07T23:30:18","modified_gmt":"2025-08-08T02:30:18","slug":"rama-xv","status":"publish","type":"page","link":"https:\/\/digesto.hcd25demayomisiones.gob.ar\/index.php\/rama-xv\/","title":{"rendered":"RAMA XV (6)"},"content":{"rendered":"\n<!-- ORDENANZA XV N\u00ba 1 -->\n<div style=\"border:2px solid #004080;border-radius:8px;padding:12px;margin-bottom:16px;background-color:#f5f8ff;\">\n<h3 style=\"color:#004080;\">\ud83d\udcc4 ORDENANZA XV N\u00ba 1 <small>(Antes Ordenanza 11\/04)<\/small><\/h3>\n<p>Crea la Comisi\u00f3n Municipal de Comedores Infantiles, Comunitarios y de la Tercera Edad. Establece escalaf\u00f3n municipal desde categor\u00eda N\u00ba 12 a N\u00ba 24.<\/p>\n<a href=\"https:\/\/digesto.hcd25demayomisiones.gob.ar\/wp-content\/uploads\/2025\/08\/ORDENANZA-XV-No-1.pdf\" target=\"_blank\" style=\"color:#004080;font-weight:bold;\" rel=\"noopener\">\ud83d\udce5 Descargar PDF<\/a>\n<\/div>\n\n<!-- ORDENANZA XV N\u00ba 2 -->\n<div style=\"border:2px solid #004080;border-radius:8px;padding:12px;margin-bottom:16px;background-color:#f5f8ff;\">\n<h3 style=\"color:#004080;\">\ud83d\udcc4 ORDENANZA XV N\u00ba 2 <small>(Antes Ordenanza 27\/06)<\/small><\/h3>\n<p>Adhiere al Decreto Provincial N\u00ba 1170\/06, N\u00ba 636\/2022, N\u00ba 1145\/22 y Resoluci\u00f3n N\u00ba 860 del Ministerio de Hacienda, Finanzas y Obras P\u00fablicas.<\/p>\n<a href=\"https:\/\/digesto.hcd25demayomisiones.gob.ar\/wp-content\/uploads\/2025\/08\/ORDENANZA-XV-N\u00b02-Y-ANEXOS.pdf\" target=\"_blank\" style=\"color:#004080;font-weight:bold;\" rel=\"noopener\">\ud83d\udce5 Descargar PDF<\/a>\n<\/div>\n\n<!-- ORDENANZA XV N\u00ba 3 -->\n<div style=\"border:2px solid #004080;border-radius:8px;padding:12px;margin-bottom:16px;background-color:#f5f8ff;\">\n<h3 style=\"color:#004080;\">\ud83d\udcc4 ORDENANZA XV N\u00ba 3 <small>(Antes Ordenanza 42\/07)<\/small><\/h3>\n<p>Establece adicional por presentismo del 20% para personal contratado y permanente. Restablece modalidad de liquidaci\u00f3n por antig\u00fcedad.<\/p>\n<a href=\"https:\/\/digesto.hcd25demayomisiones.gob.ar\/wp-content\/uploads\/2025\/08\/Ordenanza-XV-No-3.pdf\" target=\"_blank\" style=\"color:#004080;font-weight:bold;\" rel=\"noopener\">\ud83d\udce5 Descargar PDF<\/a>\n<\/div>\n\n<!-- ORDENANZA XV N\u00ba 4 -->\n<div style=\"border:2px solid #004080;border-radius:8px;padding:12px;margin-bottom:16px;background-color:#f5f8ff;\">\n<h3 style=\"color:#004080;\">\ud83d\udcc4 ORDENANZA XV N\u00ba 4 <small>(Antes Ordenanza 52\/08)<\/small><\/h3>\n<p>Establece la obligatoriedad de presentar examen psicof\u00edsico para ingreso a la Municipalidad de 25 de Mayo.<\/p>\n<a href=\"https:\/\/digesto.hcd25demayomisiones.gob.ar\/wp-content\/uploads\/2025\/08\/Ordenanza-XV-No-4.pdf\" target=\"_blank\" style=\"color:#004080;font-weight:bold;\" rel=\"noopener\">\ud83d\udce5 Descargar PDF<\/a>\n<\/div>\n\n<!-- ORDENANZA XV N\u00ba 5 -->\n<div style=\"border:2px solid #004080;border-radius:8px;padding:12px;margin-bottom:16px;background-color:#f5f8ff;\">\n<h3 style=\"color:#004080;\">\ud83d\udcc4 ORDENANZA XV N\u00ba 5 <small>(Antes Ordenanza 37\/14)<\/small><\/h3>\n<p>Designa cargos dentro de la estructura municipal del Municipio de 25 de Mayo.<\/p>\n<a href=\"https:\/\/digesto.hcd25demayomisiones.gob.ar\/wp-content\/uploads\/2025\/08\/Ordenanza-XV-No-5.pdf\" target=\"_blank\" style=\"color:#004080;font-weight:bold;\" rel=\"noopener\">\ud83d\udce5 Descargar PDF<\/a>\n<\/div>\n\n<!-- ORDENANZA XV N\u00ba 6 -->\n<div style=\"border:2px solid #004080;border-radius:8px;padding:12px;margin-bottom:16px;background-color:#f5f8ff;\">\n<h3 style=\"color:#004080;\">\ud83d\udcc4 ORDENANZA XV N\u00ba 6 <small>(Antes Ordenanza 16\/23)<\/small><\/h3>\n<p>Establece que los conceptos incluidos en recibos de sueldo deben corresponder a la Ley de Contrato de Trabajo, convenios colectivos o cargos temporarios.<\/p>\n<a href=\"https:\/\/digesto.hcd25demayomisiones.gob.ar\/wp-content\/uploads\/2025\/08\/Ordenanza-XV-No-6.pdf\" target=\"_blank\" style=\"color:#004080;font-weight:bold;\" rel=\"noopener\">\ud83d\udce5 Descargar PDF<\/a>\n<\/div>\n","protected":false},"excerpt":{"rendered":"<p>\ud83d\udcc4 ORDENANZA XV N\u00ba 1 (Antes Ordenanza 11\/04) Crea la Comisi\u00f3n Municipal de Comedores Infantiles, Comunitarios y de la Tercera Edad. Establece escalaf\u00f3n municipal desde categor\u00eda N\u00ba 12 a N\u00ba 24. \ud83d\udce5 Descargar PDF \ud83d\udcc4 ORDENANZA XV N\u00ba 2 (Antes &hellip; <a href=\"https:\/\/digesto.hcd25demayomisiones.gob.ar\/index.php\/rama-xv\/\">Segu\u00ed leyendo <span class=\"meta-nav\">&rarr;<\/span><\/a><\/p>\n","protected":false},"author":1,"featured_media":0,"parent":0,"menu_order":0,"comment_status":"closed","ping_status":"closed","template":"","meta":{"footnotes":""},"aioseo_notices":[],"_links":{"self":[{"href":"https:\/\/digesto.hcd25demayomisiones.gob.ar\/index.php\/wp-json\/wp\/v2\/pages\/290"}],"collection":[{"href":"https:\/\/digesto.hcd25demayomisiones.gob.ar\/index.php\/wp-json\/wp\/v2\/pages"}],"about":[{"href":"https:\/\/digesto.hcd25demayomisiones.gob.ar\/index.php\/wp-json\/wp\/v2\/types\/page"}],"author":[{"embeddable":true,"href":"https:\/\/digesto.hcd25demayomisiones.gob.ar\/index.php\/wp-json\/wp\/v2\/users\/1"}],"replies":[{"embeddable":true,"href":"https:\/\/digesto.hcd25demayomisiones.gob.ar\/index.php\/wp-json\/wp\/v2\/comments?post=290"}],"version-history":[{"count":15,"href":"https:\/\/digesto.hcd25demayomisiones.gob.ar\/index.php\/wp-json\/wp\/v2\/pages\/290\/revisions"}],"predecessor-version":[{"id":2858,"href":"https:\/\/digesto.hcd25demayomisiones.gob.ar\/index.php\/wp-json\/wp\/v2\/pages\/290\/revisions\/2858"}],"wp:attachment":[{"href":"https:\/\/digesto.hcd25demayomisiones.gob.ar\/index.php\/wp-json\/wp\/v2\/media?parent=290"}],"curies":[{"name":"wp","href":"https:\/\/api.w.org\/{rel}","templated":true}]}}