                                                                                                                                                                                                                                                                                                                                                                                                                                                                   {"id":280,"date":"2023-12-20T19:56:53","date_gmt":"2023-12-20T22:56:53","guid":{"rendered":"https:\/\/digesto.hcd25demayomisiones.gob.ar\/?page_id=280"},"modified":"2025-08-07T23:19:31","modified_gmt":"2025-08-08T02:19:31","slug":"rama-xiv","status":"publish","type":"page","link":"https:\/\/digesto.hcd25demayomisiones.gob.ar\/index.php\/rama-xiv\/","title":{"rendered":"RAMA XIV (7)"},"content":{"rendered":"\n<!-- ORDENANZA XIV N\u00ba 1 -->\n<div style=\"border:2px solid #004080;border-radius:8px;padding:12px;margin-bottom:16px;background-color:#f5f8ff;\">\n<h3 style=\"color:#004080;\">\ud83d\udcc4 ORDENANZA XIV N\u00ba 1 <small>(Antes Ordenanza 23\/05)<\/small><\/h3>\n<p>Dona a la Biblioteca Popular Victorio Cardozo N\u00ba Conabip 3299 el terreno que ocupan actualmente, originalmente cedido por Resoluci\u00f3n N\u00ba 05\/96.<\/p>\n<a href=\"https:\/\/digesto.hcd25demayomisiones.gob.ar\/wp-content\/uploads\/2025\/08\/ORDENANZA-XIV-No-1.pdf\" target=\"_blank\" style=\"color:#004080;font-weight:bold;\" rel=\"noopener\">\ud83d\udce5 Descargar PDF<\/a>\n<\/div>\n\n<!-- ORDENANZA XIV N\u00ba 2 -->\n<div style=\"border:2px solid #004080;border-radius:8px;padding:12px;margin-bottom:16px;background-color:#f5f8ff;\">\n<h3 style=\"color:#004080;\">\ud83d\udcc4 ORDENANZA XIV N\u00ba 2 <small>(Antes Ordenanza 14\/05)<\/small><\/h3>\n<p>Afecta un espacio p\u00fablico sobre Ruta Provincial N\u00ba 8 para la construcci\u00f3n de la Terminal de \u00d3mnibus de 25 de Mayo.<\/p>\n<a href=\"https:\/\/digesto.hcd25demayomisiones.gob.ar\/wp-content\/uploads\/2025\/08\/ORDENANZA-XIV-No-2.pdf\" target=\"_blank\" style=\"color:#004080;font-weight:bold;\" rel=\"noopener\">\ud83d\udce5 Descargar PDF<\/a>\n<\/div>\n\n<!-- ORDENANZA XIV N\u00ba 3 -->\n<div style=\"border:2px solid #004080;border-radius:8px;padding:12px;margin-bottom:16px;background-color:#f5f8ff;\">\n<h3 style=\"color:#004080;\">\ud83d\udcc4 ORDENANZA XIV N\u00ba 3 <small>(Antes Ordenanza 18\/13)<\/small><\/h3>\n<p>Desafecta del uso p\u00fablico y afecta al uso privado municipal una fracci\u00f3n de terreno en inmediaciones de la terminal nueva para la ejecuci\u00f3n de un sal\u00f3n de usos m\u00faltiples. Incluye plano y certificado catastral.<\/p>\n<a href=\"https:\/\/digesto.hcd25demayomisiones.gob.ar\/wp-content\/uploads\/2025\/07\/ORDENANZA-XIV-N\u00b03-Y-ANEXO-1.pdf\" target=\"_blank\" style=\"color:#004080;font-weight:bold;\" rel=\"noopener\">\ud83d\udce5 Descargar PDF<\/a>\n<\/div>\n\n<!-- ORDENANZA XIV N\u00ba 4 -->\n<div style=\"border:2px solid #004080;border-radius:8px;padding:12px;margin-bottom:16px;background-color:#f5f8ff;\">\n<h3 style=\"color:#004080;\">\ud83d\udcc4 ORDENANZA XIV N\u00ba 4 <small>(Antes Ordenanza 03\/06)<\/small><\/h3>\n<p>Transfiere al Instituto Provincial de Desarrollo Habitacional (IProDHa) una fracci\u00f3n de 15.000 m\u00b2 del Lote 75 para ejecuci\u00f3n de viviendas en el marco del Programa Federal de Emergencia Habitacional.<\/p>\n<a href=\"https:\/\/digesto.hcd25demayomisiones.gob.ar\/wp-content\/uploads\/2025\/08\/ORDENANZA-XIV-No-4.pdf\" target=\"_blank\" style=\"color:#004080;font-weight:bold;\" rel=\"noopener\">\ud83d\udce5 Descargar PDF<\/a>\n<\/div>\n\n<!-- ORDENANZA XIV N\u00ba 5 -->\n<div style=\"border:2px solid #004080;border-radius:8px;padding:12px;margin-bottom:16px;background-color:#f5f8ff;\">\n<h3 style=\"color:#004080;\">\ud83d\udcc4 ORDENANZA XIV N\u00ba 5 <small>(Antes Ordenanza 14\/02)<\/small><\/h3>\n<p>Autoriza la donaci\u00f3n de un terreno a la Asociaci\u00f3n Civil Bomberos Voluntarios 25 de Mayo, registrada bajo el N\u00ba A-2334 de Personas Jur\u00eddicas.<\/p>\n<a href=\"https:\/\/digesto.hcd25demayomisiones.gob.ar\/wp-content\/uploads\/2025\/08\/ORDENANZA-XIV-No-5.pdf\" target=\"_blank\" style=\"color:#004080;font-weight:bold;\" rel=\"noopener\">\ud83d\udce5 Descargar PDF<\/a>\n<\/div>\n\n<!-- ORDENANZA XIV N\u00ba 6 -->\n<div style=\"border:2px solid #004080;border-radius:8px;padding:12px;margin-bottom:16px;background-color:#f5f8ff;\">\n<h3 style=\"color:#004080;\">\ud83d\udcc4 ORDENANZA XIV N\u00ba 6 <small>(Antes Ordenanza 40\/04)<\/small><\/h3>\n<p>Autoriza la compra de un terreno en el Barrio Nuevo para la construcci\u00f3n de un Sal\u00f3n de Usos M\u00faltiples (SUM) dentro del Programa de Mejoramiento de Barrios.<\/p>\n<a href=\"https:\/\/digesto.hcd25demayomisiones.gob.ar\/wp-content\/uploads\/2025\/08\/ORDENANZA-XIV-No-6.pdf\" target=\"_blank\" style=\"color:#004080;font-weight:bold;\" rel=\"noopener\">\ud83d\udce5 Descargar PDF<\/a>\n<\/div>\n\n<!-- ORDENANZA XIV N\u00ba 7 -->\n<div style=\"border:2px solid #004080;border-radius:8px;padding:12px;margin-bottom:16px;background-color:#f5f8ff;\">\n<h3 style=\"color:#004080;\">\ud83d\udcc4 ORDENANZA XIV N\u00ba 7 <small>(Antes Ordenanza 06\/09)<\/small><\/h3>\n<p>Determina al Lote 16 \u2013 L como lote ubicado en la Zona Urbana, procedente de subdivisiones del Lote 16 de la Colonia 25 de Mayo. Seg\u00fan Plano N\u00ba 43.734 aprobado por Catastro.<\/p>\n<a href=\"https:\/\/digesto.hcd25demayomisiones.gob.ar\/wp-content\/uploads\/2025\/08\/ORDENANZA-XIV-No-7.pdf\" target=\"_blank\" style=\"color:#004080;font-weight:bold;\" rel=\"noopener\">\ud83d\udce5 Descargar PDF<\/a>\n<\/div>\n","protected":false},"excerpt":{"rendered":"<p>\ud83d\udcc4 ORDENANZA XIV N\u00ba 1 (Antes Ordenanza 23\/05) Dona a la Biblioteca Popular Victorio Cardozo N\u00ba Conabip 3299 el terreno que ocupan actualmente, originalmente cedido por Resoluci\u00f3n N\u00ba 05\/96. \ud83d\udce5 Descargar PDF \ud83d\udcc4 ORDENANZA XIV N\u00ba 2 (Antes Ordenanza 14\/05) &hellip; <a href=\"https:\/\/digesto.hcd25demayomisiones.gob.ar\/index.php\/rama-xiv\/\">Segu\u00ed leyendo <span class=\"meta-nav\">&rarr;<\/span><\/a><\/p>\n","protected":false},"author":1,"featured_media":0,"parent":0,"menu_order":0,"comment_status":"closed","ping_status":"closed","template":"","meta":{"footnotes":""},"aioseo_notices":[],"_links":{"self":[{"href":"https:\/\/digesto.hcd25demayomisiones.gob.ar\/index.php\/wp-json\/wp\/v2\/pages\/280"}],"collection":[{"href":"https:\/\/digesto.hcd25demayomisiones.gob.ar\/index.php\/wp-json\/wp\/v2\/pages"}],"about":[{"href":"https:\/\/digesto.hcd25demayomisiones.gob.ar\/index.php\/wp-json\/wp\/v2\/types\/page"}],"author":[{"embeddable":true,"href":"https:\/\/digesto.hcd25demayomisiones.gob.ar\/index.php\/wp-json\/wp\/v2\/users\/1"}],"replies":[{"embeddable":true,"href":"https:\/\/digesto.hcd25demayomisiones.gob.ar\/index.php\/wp-json\/wp\/v2\/comments?post=280"}],"version-history":[{"count":15,"href":"https:\/\/digesto.hcd25demayomisiones.gob.ar\/index.php\/wp-json\/wp\/v2\/pages\/280\/revisions"}],"predecessor-version":[{"id":2846,"href":"https:\/\/digesto.hcd25demayomisiones.gob.ar\/index.php\/wp-json\/wp\/v2\/pages\/280\/revisions\/2846"}],"wp:attachment":[{"href":"https:\/\/digesto.hcd25demayomisiones.gob.ar\/index.php\/wp-json\/wp\/v2\/media?parent=280"}],"curies":[{"name":"wp","href":"https:\/\/api.w.org\/{rel}","templated":true}]}}