                                                                                                                                                                                                                                                                                                                                                                                                                                                                   {"id":263,"date":"2023-12-20T19:44:50","date_gmt":"2023-12-20T22:44:50","guid":{"rendered":"https:\/\/digesto.hcd25demayomisiones.gob.ar\/?page_id=263"},"modified":"2025-07-12T15:09:50","modified_gmt":"2025-07-12T18:09:50","slug":"rama-xi","status":"publish","type":"page","link":"https:\/\/digesto.hcd25demayomisiones.gob.ar\/index.php\/rama-xi\/","title":{"rendered":"RAMA XI (3)"},"content":{"rendered":"\n<!-- ORDENANZA XI N\u00ba 1 -->\n<div style=\"border:2px solid #004080; border-radius:8px; padding:12px; margin-bottom:16px; background-color:#f5f8ff;\">\n  <h3 style=\"color:#004080;\">\ud83d\udcc4 ORDENANZA XI N\u00ba 1 <small>(Antes Ordenanza 10\/85)<\/small><\/h3>\n  <p>Proh\u00edbe el uso de lugares p\u00fablicos, plazoletas, muros y edificios para inscripciones de cualquier naturaleza sin autorizaci\u00f3n previa del Honorable Concejo Deliberante.<\/p>\n  <a href=\"https:\/\/digesto.hcd25demayomisiones.gob.ar\/wp-content\/uploads\/2025\/07\/ORDENANZA-XI-No-1-1.pdf\" target=\"_blank\" style=\"color:#004080; font-weight:bold;\" rel=\"noopener\">\ud83d\udce5 Descargar PDF<\/a>\n<\/div>\n\n<!-- ORDENANZA XI N\u00ba 2 -->\n<div style=\"border:2px solid #004080; border-radius:8px; padding:12px; margin-bottom:16px; background-color:#f5f8ff;\">\n  <h3 style=\"color:#004080;\">\ud83d\udcc4 ORDENANZA XI N\u00ba 2 <small>(Antes Ordenanza 52\/19)<\/small><\/h3>\n  <p>Crea el R\u00e9gimen Municipal de Regulaci\u00f3n de la Publicidad Oficial, con el objetivo de ordenar y reglamentar el procedimiento de asignaci\u00f3n presupuestaria para la publicidad institucional.<\/p>\n  <a href=\"https:\/\/digesto.hcd25demayomisiones.gob.ar\/wp-content\/uploads\/2025\/07\/ORDENANZA-XI-No-2-1.pdf\" target=\"_blank\" style=\"color:#004080; font-weight:bold;\" rel=\"noopener\">\ud83d\udce5 Descargar PDF<\/a>\n<\/div>\n\n<!-- ORDENANZA XI N\u00ba 3 -->\n<div style=\"border:2px solid #004080; border-radius:8px; padding:12px; margin-bottom:16px; background-color:#f5f8ff;\">\n  <h3 style=\"color:#004080;\">\ud83d\udcc4 ORDENANZA XI N\u00ba 3 <small>(Antes Ordenanza 28\/20)<\/small><\/h3>\n  <p>Declara de inter\u00e9s p\u00fablico y patrimonio exclusivo del Municipio el espacio p\u00fablico, incluyendo el espacio a\u00e9reo, superficial y subterr\u00e1neo dentro del ejido municipal.<\/p>\n  <a href=\"https:\/\/digesto.hcd25demayomisiones.gob.ar\/wp-content\/uploads\/2025\/07\/ORDENANZA-XI-N\u00b03-Y-ANEXOS-1.pdf\" target=\"_blank\" style=\"color:#004080; font-weight:bold;\" rel=\"noopener\">\ud83d\udce5 Descargar PDF<\/a>\n<\/div>\n\n","protected":false},"excerpt":{"rendered":"<p>\ud83d\udcc4 ORDENANZA XI N\u00ba 1 (Antes Ordenanza 10\/85) Proh\u00edbe el uso de lugares p\u00fablicos, plazoletas, muros y edificios para inscripciones de cualquier naturaleza sin autorizaci\u00f3n previa del Honorable Concejo Deliberante. \ud83d\udce5 Descargar PDF \ud83d\udcc4 ORDENANZA XI N\u00ba 2 (Antes Ordenanza &hellip; <a href=\"https:\/\/digesto.hcd25demayomisiones.gob.ar\/index.php\/rama-xi\/\">Segu\u00ed leyendo <span class=\"meta-nav\">&rarr;<\/span><\/a><\/p>\n","protected":false},"author":1,"featured_media":0,"parent":0,"menu_order":0,"comment_status":"closed","ping_status":"closed","template":"","meta":{"footnotes":""},"aioseo_notices":[],"_links":{"self":[{"href":"https:\/\/digesto.hcd25demayomisiones.gob.ar\/index.php\/wp-json\/wp\/v2\/pages\/263"}],"collection":[{"href":"https:\/\/digesto.hcd25demayomisiones.gob.ar\/index.php\/wp-json\/wp\/v2\/pages"}],"about":[{"href":"https:\/\/digesto.hcd25demayomisiones.gob.ar\/index.php\/wp-json\/wp\/v2\/types\/page"}],"author":[{"embeddable":true,"href":"https:\/\/digesto.hcd25demayomisiones.gob.ar\/index.php\/wp-json\/wp\/v2\/users\/1"}],"replies":[{"embeddable":true,"href":"https:\/\/digesto.hcd25demayomisiones.gob.ar\/index.php\/wp-json\/wp\/v2\/comments?post=263"}],"version-history":[{"count":7,"href":"https:\/\/digesto.hcd25demayomisiones.gob.ar\/index.php\/wp-json\/wp\/v2\/pages\/263\/revisions"}],"predecessor-version":[{"id":2552,"href":"https:\/\/digesto.hcd25demayomisiones.gob.ar\/index.php\/wp-json\/wp\/v2\/pages\/263\/revisions\/2552"}],"wp:attachment":[{"href":"https:\/\/digesto.hcd25demayomisiones.gob.ar\/index.php\/wp-json\/wp\/v2\/media?parent=263"}],"curies":[{"name":"wp","href":"https:\/\/api.w.org\/{rel}","templated":true}]}}