                                                                                                                                                                                                                                                                                                                                                                                                                                                                   {"id":245,"date":"2023-12-20T19:20:34","date_gmt":"2023-12-20T22:20:34","guid":{"rendered":"https:\/\/digesto.hcd25demayomisiones.gob.ar\/?page_id=245"},"modified":"2025-07-12T15:02:12","modified_gmt":"2025-07-12T18:02:12","slug":"rama-ix","status":"publish","type":"page","link":"https:\/\/digesto.hcd25demayomisiones.gob.ar\/index.php\/rama-ix\/","title":{"rendered":"RAMA IX (1)"},"content":{"rendered":"\n<!-- ORDENANZA IX N\u00ba 1 -->\n<div style=\"border:2px solid #004080; border-radius:8px; padding:12px; margin-bottom:16px; background-color:#f5f8ff;\">\n  <h3 style=\"color:#004080;\">\n    \ud83d\udcc4 ORDENANZA IX N\u00ba 1 <small>(Antes Ordenanza 14\/04)<\/small>\n  <\/h3>\n  <p>\n    Crea el Consejo Multilateral de Pol\u00edticas Sociales y Desarrollo Local del Municipio de 25 de Mayo.<br>\n    Aprueba su estructura org\u00e1nica y composici\u00f3n.<br>\n    Establece el Registro \u00danico de Organizaciones No Gubernamentales en el \u00e1mbito del Departamento Ejecutivo Municipal.\n  <\/p>\n  <a href=\"https:\/\/digesto.hcd25demayomisiones.gob.ar\/wp-content\/uploads\/2025\/07\/ORDENANZA-IX-No-1-1.pdf\" target=\"_blank\" style=\"color:#004080; font-weight:bold;\" rel=\"noopener\">\ud83d\udce5 Descargar PDF<\/a>\n<\/div>\n\n","protected":false},"excerpt":{"rendered":"<p>\ud83d\udcc4 ORDENANZA IX N\u00ba 1 (Antes Ordenanza 14\/04) Crea el Consejo Multilateral de Pol\u00edticas Sociales y Desarrollo Local del Municipio de 25 de Mayo. Aprueba su estructura org\u00e1nica y composici\u00f3n. Establece el Registro \u00danico de Organizaciones No Gubernamentales en el &hellip; <a href=\"https:\/\/digesto.hcd25demayomisiones.gob.ar\/index.php\/rama-ix\/\">Segu\u00ed leyendo <span class=\"meta-nav\">&rarr;<\/span><\/a><\/p>\n","protected":false},"author":1,"featured_media":0,"parent":0,"menu_order":0,"comment_status":"closed","ping_status":"closed","template":"","meta":{"footnotes":""},"aioseo_notices":[],"_links":{"self":[{"href":"https:\/\/digesto.hcd25demayomisiones.gob.ar\/index.php\/wp-json\/wp\/v2\/pages\/245"}],"collection":[{"href":"https:\/\/digesto.hcd25demayomisiones.gob.ar\/index.php\/wp-json\/wp\/v2\/pages"}],"about":[{"href":"https:\/\/digesto.hcd25demayomisiones.gob.ar\/index.php\/wp-json\/wp\/v2\/types\/page"}],"author":[{"embeddable":true,"href":"https:\/\/digesto.hcd25demayomisiones.gob.ar\/index.php\/wp-json\/wp\/v2\/users\/1"}],"replies":[{"embeddable":true,"href":"https:\/\/digesto.hcd25demayomisiones.gob.ar\/index.php\/wp-json\/wp\/v2\/comments?post=245"}],"version-history":[{"count":7,"href":"https:\/\/digesto.hcd25demayomisiones.gob.ar\/index.php\/wp-json\/wp\/v2\/pages\/245\/revisions"}],"predecessor-version":[{"id":2538,"href":"https:\/\/digesto.hcd25demayomisiones.gob.ar\/index.php\/wp-json\/wp\/v2\/pages\/245\/revisions\/2538"}],"wp:attachment":[{"href":"https:\/\/digesto.hcd25demayomisiones.gob.ar\/index.php\/wp-json\/wp\/v2\/media?parent=245"}],"curies":[{"name":"wp","href":"https:\/\/api.w.org\/{rel}","templated":true}]}}