                                                                                                                                                                                                                                                                                                                                                                                                                                                                   {"id":203,"date":"2023-12-20T18:31:27","date_gmt":"2023-12-20T21:31:27","guid":{"rendered":"https:\/\/digesto.hcd25demayomisiones.gob.ar\/?page_id=203"},"modified":"2025-08-07T23:00:49","modified_gmt":"2025-08-08T02:00:49","slug":"rama-vi","status":"publish","type":"page","link":"https:\/\/digesto.hcd25demayomisiones.gob.ar\/index.php\/rama-vi\/","title":{"rendered":"RAMA VI (13)"},"content":{"rendered":"\n<!-- ORDENANZA VI N\u00ba 1 -->\n<div style=\"border:2px solid #004080; border-radius:8px; padding:12px; margin-bottom:16px; background-color:#f4f8ff;\">\n  <h3 style=\"margin-top:0; color:#004080;\">\ud83d\udcc4 ORDENANZA VI N\u00ba 1<\/h3>\n  <p>ART\u00cdCULO 1.- Establece un inter\u00e9s mensual acumulativo del 3% para deudas vencidas contempladas en la Ordenanza General Tributaria vigente del Municipio.<\/p>\n  <a href=\"https:\/\/digesto.hcd25demayomisiones.gob.ar\/wp-content\/uploads\/2025\/07\/ORDENANZA-VI-No-1-1.pdf\" target=\"_blank\" style=\"color:#004080; font-weight:bold;\" rel=\"noopener\">\ud83d\udce5 Descargar PDF<\/a>\n<\/div>\n\n<!-- ORDENANZA VI N\u00ba 2 -->\n<div style=\"border:2px solid #004080; border-radius:8px; padding:12px; margin-bottom:16px; background-color:#f4f8ff;\">\n  <h3 style=\"margin-top:0; color:#004080;\">\ud83d\udcc4 ORDENANZA VI N\u00ba 2<\/h3>\n  <p>ART\u00cdCULO 1.- Establece el pago de una tasa a todas las comisiones organizadoras de\nfestivales danzantes y otros eventos con orquestas o grupos musicales provenientes de\npa\u00edses extranjeros que act\u00faen en nuestro Municipio con fines de lucro..<\/p>\n  <a href=\"https:\/\/digesto.hcd25demayomisiones.gob.ar\/wp-content\/uploads\/2025\/07\/ORDENANZA-VI-No-2-1.pdf\" target=\"_blank\" style=\"color:#004080; font-weight:bold;\" rel=\"noopener\">\ud83d\udce5 Descargar PDF<\/a>\n<\/div>\n\n<!-- ORDENANZA VI N\u00ba 3 -->\n<div style=\"border:2px solid #004080; border-radius:8px; padding:12px; margin-bottom:16px; background-color:#f4f8ff;\">\n  <h3 style=\"margin-top:0; color:#004080;\">\ud83d\udcc4 ORDENANZA VI N\u00ba 3<\/h3>\n  <p>ART\u00cdCULO 1.-Adhesiones.<\/p>\n  <a href=\"https:\/\/digesto.hcd25demayomisiones.gob.ar\/wp-content\/uploads\/2025\/07\/ORDENANZA-VI-N%C2%B0-3-Y-ANEXOS-1.pdf\" target=\"_blank\" style=\"color:#004080; font-weight:bold;\" rel=\"noopener\">\ud83d\udce5 Descargar PDF<\/a>\n<\/div>\n\n<!-- ORDENANZA VI N\u00ba 4 -->\n<div style=\"border:2px solid #004080; border-radius:8px; padding:12px; margin-bottom:16px; background-color:#f4f8ff;\">\n  <h3 style=\"margin-top:0; color:#004080;\">\ud83d\udcc4 ORDENANZA VI N\u00ba 4<\/h3>\n  <p>ART\u00cdCULO 1.- Exime del Impuesto Tasa de Derecho Higiene y Seguridad a Personas con\nel ochenta por ciento (80%) de Discapacidad F\u00edsica Visible, comprobada con certificado\notorgado por un profesional m\u00e9dico traumat\u00f3logo. Que posean habilitaciones o habilitan un\ncomercio, con domicilio real en el Municipio de 25 de Mayo. El o la solicitante\ndiscapacitada deber\u00e1 estar al frente del comercio..<\/p>\n  <a href=\"https:\/\/digesto.hcd25demayomisiones.gob.ar\/wp-content\/uploads\/2025\/07\/ORDENANZA-VI-No-4-1.pdf\" target=\"_blank\" style=\"color:#004080; font-weight:bold;\" rel=\"noopener\">\ud83d\udce5 Descargar PDF<\/a>\n<\/div>\n\n<!-- ORDENANZA VI N\u00ba 5 -->\n<div style=\"border:2px solid #004080; border-radius:8px; padding:12px; margin-bottom:16px; background-color:#f4f8ff;\">\n  <h3 style=\"margin-top:0; color:#004080;\">\ud83d\udcc4 ORDENANZA VI N\u00ba 5<\/h3>\n  <p>ART\u00cdCULO 1.- Aprueba por C\u00f3digo Fiscal Municipal de la Municipalidad de 25 de Mayo,\nProvincia de Misiones.<\/p>\n  <a href=\"https:\/\/digesto.hcd25demayomisiones.gob.ar\/wp-content\/uploads\/2025\/07\/ORDENANZA-VI-No-5-1.pdf\" target=\"_blank\" style=\"color:#004080; font-weight:bold;\" rel=\"noopener\">\ud83d\udce5 Descargar PDF<\/a>\n<\/div>\n\n<!-- ORDENANZA VI N\u00ba 6 -->\n<div style=\"border:2px solid #004080; border-radius:8px; padding:12px; margin-bottom:16px; background-color:#f4f8ff;\">\n  <h3 style=\"margin-top:0; color:#004080;\">\ud83d\udcc4 ORDENANZA VI N\u00ba 6<\/h3>\n  <p>ART\u00cdCULO 1.- Autoriza el cobro de diversas tasas municipales por medios electr\u00f3nicos\ncomo ser tarjetas de cr\u00e9dito y d\u00e9bito Visa..<\/p>\n  <a href=\"https:\/\/digesto.hcd25demayomisiones.gob.ar\/wp-content\/uploads\/2025\/08\/ORDENANZA-VI-No-6.pdf\" target=\"_blank\" style=\"color:#004080; font-weight:bold;\" rel=\"noopener\">\ud83d\udce5 Descargar PDF<\/a>\n<\/div>\n\n<!-- ORDENANZA VI N\u00ba 7 -->\n<div style=\"border:2px solid #004080; border-radius:8px; padding:12px; margin-bottom:16px; background-color:#f4f8ff;\">\n  <h3 style=\"margin-top:0; color:#004080;\">\ud83d\udcc4 ORDENANZA VI N\u00ba 7<\/h3>\n  <p>ART\u00cdCULO 1.- AAprueba como r\u00e9gimen de certificaci\u00f3n de deudas y sanciones por\nincumplimiento seg\u00fan lo establecido en la Carta Org\u00e1nica Municipal, Disposiciones\nComplementarias y Transitorias, Cuarta Parte, Inciso c), i), el Anexo \u00danico con 22\nart\u00edculos y Cuatro T\u00edtulos que forma parte integrante de la presente Ordenanza..<\/p>\n  <a href=\"https:\/\/digesto.hcd25demayomisiones.gob.ar\/wp-content\/uploads\/2025\/07\/ORDENZNA-VI-N%C2%B07-Y-ANEXO-1.pdf\" target=\"_blank\" style=\"color:#004080; font-weight:bold;\" rel=\"noopener\">\ud83d\udce5 Descargar PDF<\/a>\n<\/div>\n\n<!-- ORDENANZA VI N\u00ba 8 -->\n<div style=\"border:2px solid #004080; border-radius:8px; padding:12px; margin-bottom:16px; background-color:#f4f8ff;\">\n  <h3 style=\"margin-top:0; color:#004080;\">\ud83d\udcc4 ORDENANZA VI N\u00ba 8<\/h3>\n  <p>ART\u00cdCULO 1.- Establece como hecho imponible la prestaci\u00f3n de los servicios directos de\nalumbrado p\u00fablico, com\u00fan o especial..<\/p>\n  <a href=\"https:\/\/digesto.hcd25demayomisiones.gob.ar\/wp-content\/uploads\/2025\/08\/ORDENANZA-VI-No-8.pdf\" target=\"_blank\" style=\"color:#004080; font-weight:bold;\" rel=\"noopener\">\ud83d\udce5 Descargar PDF<\/a>\n<\/div>\n\n<!-- ORDENANZA VI N\u00ba 9 -->\n<div style=\"border:2px solid #004080; border-radius:8px; padding:12px; margin-bottom:16px; background-color:#f4f8ff;\">\n  <h3 style=\"margin-top:0; color:#004080;\">\ud83d\udcc4 ORDENANZA VI N\u00ba 9<\/h3>\n  <p>ART\u00cdCULO 1.- Se aprueba en todas sus partes al Anexo \u00danico que forma parte de la\npresente como Ordenanza Reglamentando el Tratamiento Fiscal Diferenciado.<\/p>\n  <a href=\"https:\/\/digesto.hcd25demayomisiones.gob.ar\/wp-content\/uploads\/2025\/07\/ORDENANZA-VI-N%C2%B09-Y-ANEXO-1.pdf\" target=\"_blank\" style=\"color:#004080; font-weight:bold;\" rel=\"noopener\">\ud83d\udce5 Descargar PDF<\/a>\n<\/div>\n\n<!-- ORDENANZA VI N\u00ba 10 -->\n<div style=\"border:2px solid #004080; border-radius:8px; padding:12px; margin-bottom:16px; background-color:#f4f8ff;\">\n  <h3 style=\"margin-top:0; color:#004080;\">\ud83d\udcc4 ORDENANZA VI N\u00ba 10<\/h3>\n  <p>ART\u00cdCULO 1.-Establece un Convenio de Regularizaci\u00f3n de Tributos Adeudados que\ncomo Anexo \u00danico forma parte integrante de la presente Ordenanza..<\/p>\n  <a href=\"https:\/\/digesto.hcd25demayomisiones.gob.ar\/wp-content\/uploads\/2025\/07\/ORDENANZA-VI-N%C2%B010-Y-ANEXO-1.pdf\" target=\"_blank\" style=\"color:#004080; font-weight:bold;\" rel=\"noopener\">\ud83d\udce5 Descargar PDF<\/a>\n<\/div>\n\n<!-- ORDENANZA VI N\u00ba 11 -->\n<div style=\"border:2px solid #004080; border-radius:8px; padding:12px; margin-bottom:16px; background-color:#f4f8ff;\">\n  <h3 style=\"margin-top:0; color:#004080;\">\ud83d\udcc4 ORDENANZA VI N\u00ba 11<\/h3>\n  <p>ART\u00cdCULO 1.- El presente Reglamento de Contabilidad para el municipio se nutre\nb\u00e1sicamente de la Constituci\u00f3n Provincial, donde en su Art\u00edculo 133 establece las\natribuciones del Tribunal de Cuentas sobre las rendiciones de cuentas de las\nMunicipalidades; la Carta Org\u00e1nica del Municipio de 25 de Mayo.<\/p>\n  <a href=\"https:\/\/digesto.hcd25demayomisiones.gob.ar\/wp-content\/uploads\/2025\/08\/ORDENANZA-VI-No-11.pdf\" target=\"_blank\" style=\"color:#004080; font-weight:bold;\" rel=\"noopener\">\ud83d\udce5 Descargar PDF<\/a>\n<\/div>\n\n<!-- ORDENANZA VI N\u00ba 12 -->\n<div style=\"border:2px solid #004080; border-radius:8px; padding:12px; margin-bottom:16px; background-color:#f4f8ff;\">\n  <h3 style=\"margin-top:0; color:#004080;\">\ud83d\udcc4 ORDENANZA VI N\u00ba 12<\/h3>\n  <p>ART\u00cdCULO 1.- Estima el C\u00e1lculo de Recursos y Presupuesto de Gastos del Ejercicio\nFiscal A\u00f1o 2023, de acuerdo con las planillas discriminativas que como Anexo \u00danico.<\/p>\n  <a href=\"https:\/\/digesto.hcd25demayomisiones.gob.ar\/wp-content\/uploads\/2025\/07\/ORDENANZA-VI-N%C2%B012-Y-ANEXO-1.pdf\" target=\"_blank\" style=\"color:#004080; font-weight:bold;\" rel=\"noopener\">\ud83d\udce5 Descargar PDF<\/a>\n<\/div>\n\n<!-- ORDENANZA VI N\u00ba 13 -->\n<div style=\"border:2px solid #004080; border-radius:8px; padding:12px; margin-bottom:16px; background-color:#f4f8ff;\">\n  <h3 style=\"margin-top:0; color:#004080;\">\ud83d\udcc4 ORDENANZA VI N\u00ba 13<\/h3>\n  <p>ART\u00cdCULO 1.- Aprueba la Ordenanza General Tributaria -Ejercicio 2023 y su Anexo\n\u00danico que forma parte integrante de la presente Ordenanza..<\/p>\n  <a href=\"https:\/\/digesto.hcd25demayomisiones.gob.ar\/wp-content\/uploads\/2025\/07\/ORDENANZA-VI-N%C2%B0-13-Y-ANEXO-1.pdf\" target=\"_blank\" style=\"color:#004080; font-weight:bold;\" rel=\"noopener\">\ud83d\udce5 Descargar PDF<\/a>\n<\/div>\n\n\n","protected":false},"excerpt":{"rendered":"<p>\ud83d\udcc4 ORDENANZA VI N\u00ba 1 ART\u00cdCULO 1.- Establece un inter\u00e9s mensual acumulativo del 3% para deudas vencidas contempladas en la Ordenanza General Tributaria vigente del Municipio. \ud83d\udce5 Descargar PDF \ud83d\udcc4 ORDENANZA VI N\u00ba 2 ART\u00cdCULO 1.- Establece el pago de &hellip; <a href=\"https:\/\/digesto.hcd25demayomisiones.gob.ar\/index.php\/rama-vi\/\">Segu\u00ed leyendo <span class=\"meta-nav\">&rarr;<\/span><\/a><\/p>\n","protected":false},"author":1,"featured_media":0,"parent":0,"menu_order":0,"comment_status":"closed","ping_status":"closed","template":"","meta":{"footnotes":""},"aioseo_notices":[],"_links":{"self":[{"href":"https:\/\/digesto.hcd25demayomisiones.gob.ar\/index.php\/wp-json\/wp\/v2\/pages\/203"}],"collection":[{"href":"https:\/\/digesto.hcd25demayomisiones.gob.ar\/index.php\/wp-json\/wp\/v2\/pages"}],"about":[{"href":"https:\/\/digesto.hcd25demayomisiones.gob.ar\/index.php\/wp-json\/wp\/v2\/types\/page"}],"author":[{"embeddable":true,"href":"https:\/\/digesto.hcd25demayomisiones.gob.ar\/index.php\/wp-json\/wp\/v2\/users\/1"}],"replies":[{"embeddable":true,"href":"https:\/\/digesto.hcd25demayomisiones.gob.ar\/index.php\/wp-json\/wp\/v2\/comments?post=203"}],"version-history":[{"count":41,"href":"https:\/\/digesto.hcd25demayomisiones.gob.ar\/index.php\/wp-json\/wp\/v2\/pages\/203\/revisions"}],"predecessor-version":[{"id":2830,"href":"https:\/\/digesto.hcd25demayomisiones.gob.ar\/index.php\/wp-json\/wp\/v2\/pages\/203\/revisions\/2830"}],"wp:attachment":[{"href":"https:\/\/digesto.hcd25demayomisiones.gob.ar\/index.php\/wp-json\/wp\/v2\/media?parent=203"}],"curies":[{"name":"wp","href":"https:\/\/api.w.org\/{rel}","templated":true}]}}