                                                                                                                                                                                                                                                                                                                                                                                                                                                                   {"id":169,"date":"2023-12-20T17:11:37","date_gmt":"2023-12-20T20:11:37","guid":{"rendered":"https:\/\/digesto.hcd25demayomisiones.gob.ar\/?page_id=169"},"modified":"2025-08-07T22:45:35","modified_gmt":"2025-08-08T01:45:35","slug":"rama-iii","status":"publish","type":"page","link":"https:\/\/digesto.hcd25demayomisiones.gob.ar\/index.php\/rama-iii\/","title":{"rendered":"RAMA III (8)"},"content":{"rendered":"\n<!-- ORDENANZA III N\u00ba 1 -->\n<div style=\"border: 2px solid #004080; border-radius: 8px; padding:12px; margin-bottom:16px; background-color:#f5f8ff;\">\n  <h3 style=\"margin-top:0; color:#004080;\">\ud83d\udcc4 ORDENANZA III N\u00ba 1 <small>(Antes Ordenanza 30\/08)<\/small><\/h3>\n  <p>Establece como Canci\u00f3n Oficial del Municipio de 25 de Mayo Provincia de Misiones, al tema titulado A mi Pueblo, cuya letra y m\u00fasica forman parte de la presente como Anexo I.<\/p>\n  <a href=\"https:\/\/digesto.hcd25demayomisiones.gob.ar\/wp-content\/uploads\/2025\/07\/ORDENANZA-III-N\u00b01-y-ANEXOS-1.pdf\" target=\"_blank\" style=\"color:#004080; font-weight:bold;\" rel=\"noopener\">\ud83d\udce5 Descargar PDF<\/a>\n<\/div>\n\n<!-- ORDENANZA III N\u00ba 2 -->\n<div style=\"border: 2px solid #004080; border-radius: 8px; padding:12px; margin-bottom:16px; background-color:#f5f8ff;\">\n  <h3 style=\"margin-top:0; color:#004080;\">\ud83d\udcc4 ORDENANZA III N\u00ba 2 <small>(Antes Ordenanza 26\/19)<\/small><\/h3>\n  <p>Adhiere el Municipio de 25 de Mayo, a la Ley Provincial IV \u2013 N\u00ba 58 de Libre Acceso a la Informaci\u00f3n P\u00fablica, la cual forma parte integrante como Anexo I de la presente Ordenanza.<\/p>\n  <a href=\"https:\/\/digesto.hcd25demayomisiones.gob.ar\/wp-content\/uploads\/2025\/07\/ORDENANZA-III-N\u00b02-Y-ANEXOS-3.pdf\" target=\"_blank\" style=\"color:#004080; font-weight:bold;\" rel=\"noopener\">\ud83d\udce5 Descargar PDF<\/a>\n<\/div>\n\n<!-- ORDENANZA III N\u00ba 3 -->\n<div style=\"border: 2px solid #004080; border-radius: 8px; padding:12px; margin-bottom:16px; background-color:#f5f8ff;\">\n  <h3 style=\"margin-top:0; color:#004080;\">\ud83d\udcc4 ORDENANZA III N\u00ba 3 <small>(Antes Ordenanza 27\/19)<\/small><\/h3>\n  <p>Reglamenta el funcionamiento de Comisiones Vecinales en el Municipio de 25 de Mayo, conforme a la Carta Org\u00e1nica Municipal. El Anexo \u00danico incluye VI cap\u00edtulos y 29 art\u00edculos.<\/p>\n  <a href=\"https:\/\/digesto.hcd25demayomisiones.gob.ar\/wp-content\/uploads\/2025\/07\/ORDENANZA-III-N\u00b03-Y-ANEXO-1.pdf\" target=\"_blank\" style=\"color:#004080; font-weight:bold;\" rel=\"noopener\">\ud83d\udce5 Descargar PDF<\/a>\n<\/div>\n\n<!-- ORDENANZA III N\u00ba 4 -->\n<div style=\"border: 2px solid #004080; border-radius: 8px; padding:12px; margin-bottom:16px; background-color:#f5f8ff;\">\n  <h3 style=\"margin-top:0; color:#004080;\">\ud83d\udcc4 ORDENANZA III N\u00ba 4 <small>(Antes Ordenanza 28\/19)<\/small><\/h3>\n  <p>Crea la Comisi\u00f3n de Transici\u00f3n de Gobierno, integrada por tres miembros designados por el Intendente en funciones y tres por el Intendente electo. La preside el Secretario de Gobierno en funciones.<\/p>\n  <a href=\"https:\/\/digesto.hcd25demayomisiones.gob.ar\/wp-content\/uploads\/2025\/07\/ORDENANZA-III-N\u00b04-Y-ANEXOS-1.pdf\" target=\"_blank\" style=\"color:#004080; font-weight:bold;\" rel=\"noopener\">\ud83d\udce5 Descargar PDF<\/a>\n<\/div>\n\n<!-- ORDENANZA III N\u00ba 5 -->\n<div style=\"border: 2px solid #004080; border-radius: 8px; padding:12px; margin-bottom:16px; background-color:#f5f8ff;\">\n  <h3 style=\"margin-top:0; color:#004080;\">\ud83d\udcc4 ORDENANZA III N\u00ba 5 <small>(Antes Ordenanza 30\/19)<\/small><\/h3>\n  <p>Crea el Juzgado Municipal de Faltas del Municipio de 25 de Mayo en el marco de la Justicia Administrativa Municipal de Faltas, con jurisdicci\u00f3n en todo el territorio municipal.<\/p>\n  <a href=\"https:\/\/digesto.hcd25demayomisiones.gob.ar\/wp-content\/uploads\/2025\/08\/ORDENANZA-III-No5.pdf\" target=\"_blank\" style=\"color:#004080; font-weight:bold;\" rel=\"noopener\">\ud83d\udce5 Descargar PDF<\/a>\n<\/div>\n\n<!-- ORDENANZA III N\u00ba 6 -->\n<div style=\"border: 2px solid #004080; border-radius: 8px; padding:12px; margin-bottom:16px; background-color:#f5f8ff;\">\n  <h3 style=\"margin-top:0; color:#004080;\">\ud83d\udcc4 ORDENANZA III N\u00ba 6 <small>(Antes Ordenanza 54\/19)<\/small><\/h3>\n  <p>Aprueba la reglamentaci\u00f3n del Consejo Consultivo Municipal de 25 de Mayo, conforme al art\u00edculo 34 de la Carta Org\u00e1nica. El funcionamiento est\u00e1 detallado en el Anexo I.<\/p>\n  <a href=\"https:\/\/digesto.hcd25demayomisiones.gob.ar\/wp-content\/uploads\/2025\/07\/ORDENANZA-III-N\u00b06-Y-ANEXOS-1.pdf\" target=\"_blank\" style=\"color:#004080; font-weight:bold;\" rel=\"noopener\">\ud83d\udce5 Descargar PDF<\/a>\n<\/div>\n\n<!-- ORDENANZA III N\u00ba 7 -->\n<div style=\"border: 2px solid #004080; border-radius: 8px; padding:12px; margin-bottom:16px; background-color:#f5f8ff;\">\n  <h3 style=\"margin-top:0; color:#004080;\">\ud83d\udcc4 ORDENANZA III N\u00ba 7 <small>(Antes Ordenanza 43\/20)<\/small><\/h3>\n  <p>Aprueba como reglamento para el Desafuero y Juicio Pol\u00edtico el contenido incluido en el Anexo \u00danico de esta ordenanza.<\/p>\n  <a href=\"https:\/\/digesto.hcd25demayomisiones.gob.ar\/wp-content\/uploads\/2025\/07\/ORDENANZA-III-N\u00b07-Y-ANEXOS-1.pdf\" target=\"_blank\" style=\"color:#004080; font-weight:bold;\" rel=\"noopener\">\ud83d\udce5 Descargar PDF<\/a>\n<\/div>\n\n<!-- ORDENANZA III N\u00ba 8 -->\n<div style=\"border: 2px solid #004080; border-radius: 8px; padding:12px; margin-bottom:16px; background-color:#f5f8ff;\">\n  <h3 style=\"margin-top:0; color:#004080;\">\ud83d\udcc4 ORDENANZA III N\u00ba 8 <small>(Antes Ordenanza 32\/22)<\/small><\/h3>\n  <p>Crea el Digesto Jur\u00eddico de la ciudad de 25 de Mayo, estableciendo principios y procedimientos para consolidar y reglamentar las normativas municipales vigentes.<\/p>\n  <a href=\"https:\/\/digesto.hcd25demayomisiones.gob.ar\/wp-content\/uploads\/2025\/08\/ORDENANZA-III-No-8.pdf\" target=\"_blank\" style=\"color:#004080; font-weight:bold;\" rel=\"noopener\">\ud83d\udce5 Descargar PDF<\/a>\n<\/div>\n\n\n\n<hr class=\"wp-block-separator has-alpha-channel-opacity\"\/>\n\n\n","protected":false},"excerpt":{"rendered":"<p>\ud83d\udcc4 ORDENANZA III N\u00ba 1 (Antes Ordenanza 30\/08) Establece como Canci\u00f3n Oficial del Municipio de 25 de Mayo Provincia de Misiones, al tema titulado A mi Pueblo, cuya letra y m\u00fasica forman parte de la presente como Anexo I. \ud83d\udce5 &hellip; <a href=\"https:\/\/digesto.hcd25demayomisiones.gob.ar\/index.php\/rama-iii\/\">Segu\u00ed leyendo <span class=\"meta-nav\">&rarr;<\/span><\/a><\/p>\n","protected":false},"author":1,"featured_media":0,"parent":0,"menu_order":0,"comment_status":"closed","ping_status":"closed","template":"","meta":{"footnotes":""},"aioseo_notices":[],"_links":{"self":[{"href":"https:\/\/digesto.hcd25demayomisiones.gob.ar\/index.php\/wp-json\/wp\/v2\/pages\/169"}],"collection":[{"href":"https:\/\/digesto.hcd25demayomisiones.gob.ar\/index.php\/wp-json\/wp\/v2\/pages"}],"about":[{"href":"https:\/\/digesto.hcd25demayomisiones.gob.ar\/index.php\/wp-json\/wp\/v2\/types\/page"}],"author":[{"embeddable":true,"href":"https:\/\/digesto.hcd25demayomisiones.gob.ar\/index.php\/wp-json\/wp\/v2\/users\/1"}],"replies":[{"embeddable":true,"href":"https:\/\/digesto.hcd25demayomisiones.gob.ar\/index.php\/wp-json\/wp\/v2\/comments?post=169"}],"version-history":[{"count":21,"href":"https:\/\/digesto.hcd25demayomisiones.gob.ar\/index.php\/wp-json\/wp\/v2\/pages\/169\/revisions"}],"predecessor-version":[{"id":2820,"href":"https:\/\/digesto.hcd25demayomisiones.gob.ar\/index.php\/wp-json\/wp\/v2\/pages\/169\/revisions\/2820"}],"wp:attachment":[{"href":"https:\/\/digesto.hcd25demayomisiones.gob.ar\/index.php\/wp-json\/wp\/v2\/media?parent=169"}],"curies":[{"name":"wp","href":"https:\/\/api.w.org\/{rel}","templated":true}]}}