                                                                                                                                                                                                                                                                                                                                                                                                                                                                   {"id":118,"date":"2023-12-09T23:03:32","date_gmt":"2023-12-10T02:03:32","guid":{"rendered":"https:\/\/digesto.hcd25demayomisiones.gob.ar\/?page_id=118"},"modified":"2025-08-08T00:42:41","modified_gmt":"2025-08-08T03:42:41","slug":"rama-i","status":"publish","type":"page","link":"https:\/\/digesto.hcd25demayomisiones.gob.ar\/index.php\/rama-i\/","title":{"rendered":"RAMA I (9)"},"content":{"rendered":"\n<div style=\"border: 2px solid #004080; border-radius: 8px; padding: 12px; margin-bottom: 16px; background-color: #f5f8ff;\">\n  <h3 style=\"margin-top: 0; color: #004080;\">\ud83d\udcc4 ORDENANZA I N\u00ba 1 <small>(Antes Ordenanza 16\/98)<\/small><\/h3>\n  <p>Autoriza al Sr. Intendente a firmar convenio con Banco Macro S.A., filial 25 de Mayo, para el pago de haberes del personal municipal.<\/p>\n  <a href=\"https:\/\/digesto.hcd25demayomisiones.gob.ar\/wp-content\/uploads\/2025\/07\/Ordenanza-I-No1-5.pdf\" target=\"_blank\" style=\"color: #004080; font-weight: bold;\" rel=\"noopener\">\ud83d\udce5 Descargar PDF<\/a>\n<\/div>\n\n<div style=\"border: 2px solid #004080; border-radius: 8px; padding: 12px; margin-bottom: 16px; background-color: #f5f8ff;\">\n  <h3 style=\"margin-top: 0; color: #004080;\">\ud83d\udcc4 ORDENANZA I N\u00ba 2 <small>(Antes Ordenanza 09\/03)<\/small><\/h3>\n  <p>Organigrama Municipal.<\/p>\n  <a href=\"https:\/\/digesto.hcd25demayomisiones.gob.ar\/wp-content\/uploads\/2025\/07\/Ordenanza-I-No2-4.pdf\" target=\"_blank\" style=\"color: #004080; font-weight: bold;\" rel=\"noopener\">\ud83d\udce5 Descargar PDF<\/a>\n<\/div>\n\n<div style=\"border: 2px solid #004080; border-radius: 8px; padding: 12px; margin-bottom: 16px; background-color: #f5f8ff;\">\n  <h3 style=\"margin-top: 0; color: #004080;\">\ud83d\udcc4 ORDENANZA I N\u00ba 3 <small>(Antes Ordenanza 34\/09)<\/small><\/h3>\n  <p>Autoriza comodato AD-Honoren con el Sr. Juan Verepkoski.<\/p>\n  <a href=\"https:\/\/digesto.hcd25demayomisiones.gob.ar\/wp-content\/uploads\/2025\/08\/Ordenanza-I-No3.pdf\" target=\"_blank\" style=\"color: #004080; font-weight: bold;\" rel=\"noopener\">\ud83d\udce5 Descargar PDF<\/a>\n<\/div>\n\n<div style=\"border: 2px solid #004080; border-radius: 8px; padding: 12px; margin-bottom: 16px; background-color: #f5f8ff;\">\n  <h3 style=\"margin-top: 0; color: #004080;\">\ud83d\udcc4 ORDENANZA I N\u00ba 4 <small>(Antes Ordenanza 48\/12)<\/small><\/h3>\n  <p>Autoriza a integrar la Municipalidad como miembro de CODEIM.<\/p>\n  <a href=\"https:\/\/digesto.hcd25demayomisiones.gob.ar\/wp-content\/uploads\/2025\/08\/Ordenanza-I-No4-1.pdf\" target=\"_blank\" style=\"color: #004080; font-weight: bold;\" rel=\"noopener\">\ud83d\udce5 Descargar PDF<\/a>\n<\/div>\n\n<div style=\"border: 2px solid #004080; border-radius: 8px; padding: 12px; margin-bottom: 16px; background-color: #f5f8ff;\">\n  <h3 style=\"margin-top: 0; color: #004080;\">\ud83d\udcc4 ORDENANZA I N\u00ba 5 <small>(Antes Ordenanza 53\/19)<\/small><\/h3>\n  <p>Instituye formulario \u00fanico para declaraciones juradas de funcionarios municipales.<\/p>\n  <a href=\"https:\/\/digesto.hcd25demayomisiones.gob.ar\/wp-content\/uploads\/2025\/07\/ORDENANZA-I-N\u00b05_ANEXO-3.pdf\" target=\"_blank\" style=\"color: #004080; font-weight: bold;\" rel=\"noopener\">\ud83d\udce5 Descargar PDF<\/a>\n<\/div>\n\n<div style=\"border: 2px solid #004080; border-radius: 8px; padding: 12px; margin-bottom: 16px; background-color: #f5f8ff;\">\n  <h3 style=\"margin-top: 0; color: #004080;\">\ud83d\udcc4 ORDENANZA I N\u00ba 6 <small>(Antes Ordenanza 55\/19)<\/small><\/h3>\n  <p>Autoriza convenio del Programa Provincial de Seguridad Alimentaria y Nutricional.<\/p>\n  <a href=\"https:\/\/digesto.hcd25demayomisiones.gob.ar\/wp-content\/uploads\/2025\/08\/ORDENANZA-I-No-6-1.pdf\" target=\"_blank\" style=\"color: #004080; font-weight: bold;\" rel=\"noopener\">\ud83d\udce5 Descargar PDF<\/a>\n<\/div>\n\n<div style=\"border: 2px solid #004080; border-radius: 8px; padding: 12px; margin-bottom: 16px; background-color: #f5f8ff;\">\n  <h3 style=\"margin-top: 0; color: #004080;\">\ud83d\udcc4 ORDENANZA I N\u00ba 7 <small>(Antes Ordenanza 26\/22)<\/small><\/h3>\n  <p>R\u00e9gimen de compra, contrataciones y concesi\u00f3n de obras y servicios p\u00fablicos.<\/p>\n  <a href=\"https:\/\/digesto.hcd25demayomisiones.gob.ar\/wp-content\/uploads\/2025\/08\/ORDENANZA-I-No-7.pdf\" target=\"_blank\" style=\"color: #004080; font-weight: bold;\" rel=\"noopener\">\ud83d\udce5 Descargar PDF<\/a>\n<\/div>\n\n<div style=\"border: 2px solid #004080; border-radius: 8px; padding: 12px; margin-bottom: 16px; background-color: #f5f8ff;\">\n  <h3 style=\"margin-top: 0; color: #004080;\">\ud83d\udcc4 ORDENANZA I N\u00ba 8 <small>(Antes Ordenanza 08\/23)<\/small><\/h3>\n  <p>Otorga en pr\u00e9stamo al Instituto de Ense\u00f1anza Agropecuaria N\u00b0 10 por diez (10) a\u00f1os.<\/p>\n  <a href=\"https:\/\/digesto.hcd25demayomisiones.gob.ar\/wp-content\/uploads\/2025\/08\/ORDENANZA-I-No-8.pdf\" target=\"_blank\" style=\"color: #004080; font-weight: bold;\" rel=\"noopener\">\ud83d\udce5 Descargar PDF<\/a>\n<\/div>\n\n<div style=\"border: 2px solid #004080; border-radius: 8px; padding: 12px; margin-bottom: 16px; background-color: #f5f8ff;\">\n  <h3 style=\"margin-top: 0; color: #004080;\">\ud83d\udcc4 ORDENANZA I N\u00ba 9 <small>(Antes Ordenanza 10\/23)<\/small><\/h3>\n  <p>Autoriza contrato de locaci\u00f3n de m\u00e1quina retroexcavadora.<\/p>\n  <a href=\"https:\/\/digesto.hcd25demayomisiones.gob.ar\/wp-content\/uploads\/2025\/08\/ORDENANZA-I-No-9.pdf\" target=\"_blank\" style=\"color: #004080; font-weight: bold;\" rel=\"noopener\">\ud83d\udce5 Descargar PDF<\/a>\n<\/div>\n\n\n\n<hr class=\"wp-block-separator has-alpha-channel-opacity\"\/>\n\n\n\n<a class=\"btn volver\" href=\"https:\/\/digesto.hcd25demayomisiones.gob.ar\/index.php\/digesto-juridico\/\">\n  Volver a RAMA DE ORDENANZAS\n<\/a>\n","protected":false},"excerpt":{"rendered":"<p>\ud83d\udcc4 ORDENANZA I N\u00ba 1 (Antes Ordenanza 16\/98) Autoriza al Sr. Intendente a firmar convenio con Banco Macro S.A., filial 25 de Mayo, para el pago de haberes del personal municipal. \ud83d\udce5 Descargar PDF \ud83d\udcc4 ORDENANZA I N\u00ba 2 (Antes &hellip; <a href=\"https:\/\/digesto.hcd25demayomisiones.gob.ar\/index.php\/rama-i\/\">Segu\u00ed leyendo <span class=\"meta-nav\">&rarr;<\/span><\/a><\/p>\n","protected":false},"author":1,"featured_media":0,"parent":0,"menu_order":2,"comment_status":"closed","ping_status":"closed","template":"","meta":{"footnotes":""},"aioseo_notices":[],"_links":{"self":[{"href":"https:\/\/digesto.hcd25demayomisiones.gob.ar\/index.php\/wp-json\/wp\/v2\/pages\/118"}],"collection":[{"href":"https:\/\/digesto.hcd25demayomisiones.gob.ar\/index.php\/wp-json\/wp\/v2\/pages"}],"about":[{"href":"https:\/\/digesto.hcd25demayomisiones.gob.ar\/index.php\/wp-json\/wp\/v2\/types\/page"}],"author":[{"embeddable":true,"href":"https:\/\/digesto.hcd25demayomisiones.gob.ar\/index.php\/wp-json\/wp\/v2\/users\/1"}],"replies":[{"embeddable":true,"href":"https:\/\/digesto.hcd25demayomisiones.gob.ar\/index.php\/wp-json\/wp\/v2\/comments?post=118"}],"version-history":[{"count":63,"href":"https:\/\/digesto.hcd25demayomisiones.gob.ar\/index.php\/wp-json\/wp\/v2\/pages\/118\/revisions"}],"predecessor-version":[{"id":2923,"href":"https:\/\/digesto.hcd25demayomisiones.gob.ar\/index.php\/wp-json\/wp\/v2\/pages\/118\/revisions\/2923"}],"wp:attachment":[{"href":"https:\/\/digesto.hcd25demayomisiones.gob.ar\/index.php\/wp-json\/wp\/v2\/media?parent=118"}],"curies":[{"name":"wp","href":"https:\/\/api.w.org\/{rel}","templated":true}]}}