                                                                                                                                                                                                                                                                                                                                                                                                                                                                   {"id":1118,"date":"2025-06-03T22:33:02","date_gmt":"2025-06-04T01:33:02","guid":{"rendered":"https:\/\/digesto.hcd25demayomisiones.gob.ar\/?page_id=1118"},"modified":"2025-08-08T00:30:58","modified_gmt":"2025-08-08T03:30:58","slug":"rama-xv-6-2","status":"publish","type":"page","link":"https:\/\/digesto.hcd25demayomisiones.gob.ar\/index.php\/rama-xv-6-2\/","title":{"rendered":"RAMA XV (6) 2"},"content":{"rendered":"\n<div style=\"border: 2px solid #004080; border-radius: 8px; padding: 12px; margin-bottom: 16px; background-color: #f5f8ff;\">\n  <h3 style=\"margin-top: 0; color: #004080;\">\ud83d\udcc4 ORDENANZA XV \u2013 N\u00b0 1 <small>(Antes Ordenanza 11\/04)<\/small><\/h3>\n  <p>Crea la Comisi\u00f3n Municipal de Comedores Infantiles, Comunitarios y de la Tercera Edad. Establece escalaf\u00f3n desde categor\u00eda N\u00ba 12 hasta N\u00ba 24. Aprueba el Estatuto del Personal Municipal (Anexo I).<\/p>\n  <a href=\"https:\/\/digesto.hcd25demayomisiones.gob.ar\/wp-content\/uploads\/2025\/07\/ORDENANZA-XV-No1_ANEXO.pdf\" target=\"_blank\" style=\"color: #004080; font-weight: bold;\" rel=\"noopener\">\ud83d\udce5 Descargar PDF<\/a>\n<\/div>\n\n<div style=\"border: 2px solid #004080; border-radius: 8px; padding: 12px; margin-bottom: 16px; background-color: #f5f8ff;\">\n  <h3 style=\"margin-top: 0; color: #004080;\">\ud83d\udcc4 ORDENANZA XV \u2013 N\u00b0 2<\/h3>\n  <p>Establece modificaciones complementarias al Estatuto del Personal Municipal. Incluye documentaci\u00f3n adicional en el Anexo II.<\/p>\n  <a href=\"https:\/\/digesto.hcd25demayomisiones.gob.ar\/wp-content\/uploads\/2025\/07\/ORDENANZA-XV-No2_anexo.pdf\" target=\"_blank\" style=\"color: #004080; font-weight: bold;\" rel=\"noopener\">\ud83d\udce5 Descargar PDF <\/a>\n<\/div>\n\n<div style=\"border: 2px solid #004080; border-radius: 8px; padding: 12px; margin-bottom: 16px; background-color: #f5f8ff;\">\n  <h3 style=\"margin-top: 0; color: #004080;\">\ud83d\udcc4 ORDENANZA XV \u2013 N\u00b0 3 <small>(Antes Ordenanza 42\/07)<\/small><\/h3>\n  <p>Determina como presentismo el adicional del <strong>20%<\/strong> para personal contratado y de planta permanente.<\/p>\n  <a href=\"https:\/\/digesto.hcd25demayomisiones.gob.ar\/wp-content\/uploads\/2025\/08\/ORDENANZA-XV-No3.pdf\" target=\"_blank\" style=\"color: #004080; font-weight: bold;\" rel=\"noopener\">\ud83d\udce5 Descargar PDF<\/a>\n<\/div>\n\n<div style=\"border: 2px solid #004080; border-radius: 8px; padding: 12px; margin-bottom: 16px; background-color: #f5f8ff;\">\n  <h3 style=\"margin-top: 0; color: #004080;\">\ud83d\udcc4 ORDENANZA XV \u2013 N\u00b0 4 <small>(Antes Ordenanza 52\/08)<\/small><\/h3>\n  <p>Establece la obligatoriedad de examen psicof\u00edsico para el ingreso a la Municipalidad, tanto para contratados como para quienes pasen a planta permanente.<\/p>\n  <a href=\"https:\/\/digesto.hcd25demayomisiones.gob.ar\/wp-content\/uploads\/2025\/08\/ORDENANZA-XV-No4.pdf\" target=\"_blank\" style=\"color: #004080; font-weight: bold;\" rel=\"noopener\">\ud83d\udce5 Descargar PDF<\/a>\n<\/div>\n\n<div style=\"border: 2px solid #004080; border-radius: 8px; padding: 12px; margin-bottom: 16px; background-color: #f5f8ff;\">\n  <h3 style=\"margin-top: 0; color: #004080;\">\ud83d\udcc4 ORDENANZA XV \u2013 N\u00b0 5 <small>(Antes Ordenanza 37\/14)<\/small><\/h3>\n  <p>Designa cargos dentro de la estructura municipal.<\/p>\n  <a href=\"https:\/\/digesto.hcd25demayomisiones.gob.ar\/wp-content\/uploads\/2025\/08\/ORDENANZA-XV-No5.pdf\" target=\"_blank\" style=\"color: #004080; font-weight: bold;\" rel=\"noopener\">\ud83d\udce5 Descargar PDF<\/a>\n<\/div>\n<div style=\"border: 2px solid #004080; border-radius: 8px; padding: 12px; margin-bottom: 16px; background-color: #f5f8ff;\">\n  <h3 style=\"margin-top: 0; color: #004080;\">\ud83d\udcc4 ORDENANZA XV \u2013 N\u00b0 6 <small>(Antes Ordenanza 16\/23)<\/small><\/h3>\n  <p>Mantiene en los recibos de sueldo como \u00fanicos conceptos los derivados de la Ley de Contrato de Trabajo, convenciones colectivas y cargos temporarios del organigrama municipal.<\/p>\n  <a href=\"https:\/\/digesto.hcd25demayomisiones.gob.ar\/wp-content\/uploads\/2025\/08\/ORDENANZA-XV-No6.pdf\" target=\"_blank\" style=\"color: #004080; font-weight: bold;\" rel=\"noopener\">\ud83d\udce5 Descargar PDF<\/a>\n<\/div>\n\n\n","protected":false},"excerpt":{"rendered":"<p>\ud83d\udcc4 ORDENANZA XV \u2013 N\u00b0 1 (Antes Ordenanza 11\/04) Crea la Comisi\u00f3n Municipal de Comedores Infantiles, Comunitarios y de la Tercera Edad. Establece escalaf\u00f3n desde categor\u00eda N\u00ba 12 hasta N\u00ba 24. Aprueba el Estatuto del Personal Municipal (Anexo I). \ud83d\udce5 &hellip; <a href=\"https:\/\/digesto.hcd25demayomisiones.gob.ar\/index.php\/rama-xv-6-2\/\">Segu\u00ed leyendo <span class=\"meta-nav\">&rarr;<\/span><\/a><\/p>\n","protected":false},"author":1,"featured_media":0,"parent":0,"menu_order":0,"comment_status":"closed","ping_status":"closed","template":"","meta":{"footnotes":""},"aioseo_notices":[],"_links":{"self":[{"href":"https:\/\/digesto.hcd25demayomisiones.gob.ar\/index.php\/wp-json\/wp\/v2\/pages\/1118"}],"collection":[{"href":"https:\/\/digesto.hcd25demayomisiones.gob.ar\/index.php\/wp-json\/wp\/v2\/pages"}],"about":[{"href":"https:\/\/digesto.hcd25demayomisiones.gob.ar\/index.php\/wp-json\/wp\/v2\/types\/page"}],"author":[{"embeddable":true,"href":"https:\/\/digesto.hcd25demayomisiones.gob.ar\/index.php\/wp-json\/wp\/v2\/users\/1"}],"replies":[{"embeddable":true,"href":"https:\/\/digesto.hcd25demayomisiones.gob.ar\/index.php\/wp-json\/wp\/v2\/comments?post=1118"}],"version-history":[{"count":17,"href":"https:\/\/digesto.hcd25demayomisiones.gob.ar\/index.php\/wp-json\/wp\/v2\/pages\/1118\/revisions"}],"predecessor-version":[{"id":2915,"href":"https:\/\/digesto.hcd25demayomisiones.gob.ar\/index.php\/wp-json\/wp\/v2\/pages\/1118\/revisions\/2915"}],"wp:attachment":[{"href":"https:\/\/digesto.hcd25demayomisiones.gob.ar\/index.php\/wp-json\/wp\/v2\/media?parent=1118"}],"curies":[{"name":"wp","href":"https:\/\/api.w.org\/{rel}","templated":true}]}}