                                                                                                                                                                                                                                                                                                                                                                                                                                                                   {"id":1112,"date":"2025-06-03T22:11:51","date_gmt":"2025-06-04T01:11:51","guid":{"rendered":"https:\/\/digesto.hcd25demayomisiones.gob.ar\/?page_id=1112"},"modified":"2025-08-08T00:16:18","modified_gmt":"2025-08-08T03:16:18","slug":"rama-xii-5-2","status":"publish","type":"page","link":"https:\/\/digesto.hcd25demayomisiones.gob.ar\/index.php\/rama-xii-5-2\/","title":{"rendered":"RAMA XII (5) 2"},"content":{"rendered":"\n<div style=\"border: 2px solid #004080; border-radius: 8px; padding: 12px; margin-bottom: 16px; background-color: #f5f8ff;\">\n  <h3 style=\"margin-top: 0; color: #004080;\">\ud83d\udcc4 ORDENANZA XII N\u00ba 2 <small>(Antes Ordenanza 18\/09)<\/small><\/h3>\n  <p>Declara de Inter\u00e9s Municipal el Programa Nacional Municipios y Comunidades Saludables.<\/p>\n  <a href=\"https:\/\/digesto.hcd25demayomisiones.gob.ar\/wp-content\/uploads\/2025\/08\/ORDENANZA-XII-No2.pdf\" target=\"_blank\" style=\"color: #004080; font-weight: bold;\" rel=\"noopener\">\ud83d\udce5 Descargar PDF<\/a>\n<\/div>\n\n<div style=\"border: 2px solid #004080; border-radius: 8px; padding: 12px; margin-bottom: 16px; background-color: #f5f8ff;\">\n  <h3 style=\"margin-top: 0; color: #004080;\">\ud83d\udcc4 ORDENANZA XII N\u00ba 3 <small>(Antes Ordenanza 56\/19)<\/small><\/h3>\n  <p>Crea el Consejo Municipal de Seguridad Alimentaria con participaci\u00f3n comunitaria.<\/p>\n  <a href=\"https:\/\/digesto.hcd25demayomisiones.gob.ar\/wp-content\/uploads\/2025\/08\/ORDENANZA-XII-No3.pdf\" target=\"_blank\" style=\"color: #004080; font-weight: bold;\" rel=\"noopener\">\ud83d\udce5 Descargar PDF<\/a>\n<\/div>\n\n<div style=\"border: 2px solid #004080; border-radius: 8px; padding: 12px; margin-bottom: 16px; background-color: #f5f8ff;\">\n  <h3 style=\"margin-top: 0; color: #004080;\">\ud83d\udcc4 ORDENANZA XII N\u00ba 4 <small>(Antes Ordenanza 48\/22)<\/small><\/h3>\n  <p>Regula aspectos del consumo, comercializaci\u00f3n y publicidad del tabaco en el municipio.<\/p>\n  <a href=\"https:\/\/digesto.hcd25demayomisiones.gob.ar\/wp-content\/uploads\/2025\/07\/ORDENANZA-XII-No4_ANEXO.pdf\" target=\"_blank\" style=\"color: #004080; font-weight: bold;\" rel=\"noopener\">\ud83d\udce5 Descargar PDF<\/a>\n<\/div>\n\n<div style=\"border: 2px solid #004080; border-radius: 8px; padding: 12px; margin-bottom: 16px; background-color: #f5f8ff;\">\n  <h3 style=\"margin-top: 0; color: #004080;\">\ud83d\udcc4 ORDENANZA XII N\u00ba 5<\/h3>\n  <p>Crea la Red de Salud Mental Integrada (REDSAMI) dentro del \u00e1mbito municipal.<\/p>\n  <a href=\"https:\/\/digesto.hcd25demayomisiones.gob.ar\/wp-content\/uploads\/2025\/07\/ORDENANZA-XII-No5.pdf\" target=\"_blank\" style=\"color: #004080; font-weight: bold;\" rel=\"noopener\">\ud83d\udce5 Descargar PDF<\/a>\n<\/div>\n\n<div style=\"border: 2px solid #004080; border-radius: 8px; padding: 12px; margin-bottom: 16px; background-color: #f5f8ff;\">\n  <h3 style=\"margin-top: 0; color: #004080;\">\ud83d\udcc4 ORDENANZA XII N\u00ba 6<\/h3>\n  <p>Implementa un programa municipal de concientizaci\u00f3n y prevenci\u00f3n de la ludopat\u00eda digital en adolescencias.<\/p>\n  <a href=\"https:\/\/digesto.hcd25demayomisiones.gob.ar\/wp-content\/uploads\/2025\/07\/ORDENANZA-XII-No6.pdf\" target=\"_blank\" style=\"color: #004080; font-weight: bold;\" rel=\"noopener\">\ud83d\udce5 Descargar PDF<\/a>\n<\/div>\n\n\n","protected":false},"excerpt":{"rendered":"<p>\ud83d\udcc4 ORDENANZA XII N\u00ba 2 (Antes Ordenanza 18\/09) Declara de Inter\u00e9s Municipal el Programa Nacional Municipios y Comunidades Saludables. \ud83d\udce5 Descargar PDF \ud83d\udcc4 ORDENANZA XII N\u00ba 3 (Antes Ordenanza 56\/19) Crea el Consejo Municipal de Seguridad Alimentaria con participaci\u00f3n comunitaria. &hellip; <a href=\"https:\/\/digesto.hcd25demayomisiones.gob.ar\/index.php\/rama-xii-5-2\/\">Segu\u00ed leyendo <span class=\"meta-nav\">&rarr;<\/span><\/a><\/p>\n","protected":false},"author":1,"featured_media":0,"parent":0,"menu_order":0,"comment_status":"closed","ping_status":"closed","template":"","meta":{"footnotes":""},"aioseo_notices":[],"_links":{"self":[{"href":"https:\/\/digesto.hcd25demayomisiones.gob.ar\/index.php\/wp-json\/wp\/v2\/pages\/1112"}],"collection":[{"href":"https:\/\/digesto.hcd25demayomisiones.gob.ar\/index.php\/wp-json\/wp\/v2\/pages"}],"about":[{"href":"https:\/\/digesto.hcd25demayomisiones.gob.ar\/index.php\/wp-json\/wp\/v2\/types\/page"}],"author":[{"embeddable":true,"href":"https:\/\/digesto.hcd25demayomisiones.gob.ar\/index.php\/wp-json\/wp\/v2\/users\/1"}],"replies":[{"embeddable":true,"href":"https:\/\/digesto.hcd25demayomisiones.gob.ar\/index.php\/wp-json\/wp\/v2\/comments?post=1112"}],"version-history":[{"count":6,"href":"https:\/\/digesto.hcd25demayomisiones.gob.ar\/index.php\/wp-json\/wp\/v2\/pages\/1112\/revisions"}],"predecessor-version":[{"id":2892,"href":"https:\/\/digesto.hcd25demayomisiones.gob.ar\/index.php\/wp-json\/wp\/v2\/pages\/1112\/revisions\/2892"}],"wp:attachment":[{"href":"https:\/\/digesto.hcd25demayomisiones.gob.ar\/index.php\/wp-json\/wp\/v2\/media?parent=1112"}],"curies":[{"name":"wp","href":"https:\/\/api.w.org\/{rel}","templated":true}]}}