                                                                                                                                                                                                                                                                                                                                                                                                                                                                   {"id":1099,"date":"2025-06-03T21:19:11","date_gmt":"2025-06-04T00:19:11","guid":{"rendered":"https:\/\/digesto.hcd25demayomisiones.gob.ar\/?page_id=1099"},"modified":"2025-11-03T09:13:34","modified_gmt":"2025-11-03T12:13:34","slug":"rama-vi-13-2","status":"publish","type":"page","link":"https:\/\/digesto.hcd25demayomisiones.gob.ar\/index.php\/rama-vi-13-2\/","title":{"rendered":"RAMA VI (13) 2"},"content":{"rendered":"\n<div style=\"border: 2px solid #004080; border-radius: 8px; padding: 12px; margin-bottom: 16px; background-color: #f5f8ff;\">\n  <h3 style=\"margin-top: 0; color: #004080;\">\ud83d\udcc4 ORDENANZA VI N\u00ba 1<\/h3>\n  <p>Inter\u00e9s mensual acumulativo del 3% para deudas vencidas seg\u00fan Ordenanza General Tributaria.<\/p>\n  <a href=\"https:\/\/digesto.hcd25demayomisiones.gob.ar\/wp-content\/uploads\/2025\/07\/ORDENANZA-VI-No1.pdf\" target=\"_blank\" style=\"color: #004080; font-weight: bold;\" rel=\"noopener\">\ud83d\udce5 Descargar PDF<\/a>\n<\/div>\n\n<div style=\"border: 2px solid #004080; border-radius: 8px; padding: 12px; margin-bottom: 16px; background-color: #f5f8ff;\">\n  <h3 style=\"margin-top: 0; color: #004080;\">\ud83d\udcc4 ORDENANZA VI N\u00ba 2<\/h3>\n  <p>Tasa para festivales con orquestas extranjeras con fines de lucro dentro del municipio.<\/p>\n  <a href=\"https:\/\/digesto.hcd25demayomisiones.gob.ar\/wp-content\/uploads\/2025\/07\/ORDENANZA-VI-No2.pdf\" target=\"_blank\" style=\"color: #004080; font-weight: bold;\" rel=\"noopener\">\ud83d\udce5 Descargar PDF<\/a>\n<\/div>\n\n<div style=\"border: 2px solid #004080; border-radius: 8px; padding: 12px; margin-bottom: 16px; background-color: #f5f8ff;\">\n  <h3 style=\"margin-top: 0; color: #004080;\">\ud83d\udcc4 ORDENANZA VI N\u00ba 3<\/h3>\n  <p>Adhesi\u00f3n a Ley Nacional N\u00b0 25.344 de emergencia econ\u00f3mica. Incluye anexos.<\/p>\n  <a href=\"https:\/\/digesto.hcd25demayomisiones.gob.ar\/wp-content\/uploads\/2025\/07\/ORDENANZA-VI-No3_Anexos.pdf\" target=\"_blank\" style=\"color: #004080; font-weight: bold;\" rel=\"noopener\">\ud83d\udce5 Descargar PDF<\/a>\n<\/div>\n\n<div style=\"border: 2px solid #004080; border-radius: 8px; padding: 12px; margin-bottom: 16px; background-color: #f5f8ff;\">\n  <h3 style=\"margin-top: 0; color: #004080;\">\ud83d\udcc4 ORDENANZA VI N\u00ba 4<\/h3>\n  <p>Exenci\u00f3n impositiva para personas con discapacidad f\u00edsica frente a comercios habilitados.<\/p>\n  <a href=\"https:\/\/digesto.hcd25demayomisiones.gob.ar\/wp-content\/uploads\/2025\/07\/ORDENANZA-VI-No4.pdf\" target=\"_blank\" style=\"color: #004080; font-weight: bold;\" rel=\"noopener\">\ud83d\udce5 Descargar PDF<\/a>\n<\/div>\n\n<div style=\"border: 2px solid #004080; border-radius: 8px; padding: 12px; margin-bottom: 16px; background-color: #f5f8ff;\">\n  <h3 style=\"margin-top: 0; color: #004080;\">\ud83d\udcc4 ORDENANZA VI N\u00ba 6<\/h3>\n  <p>Autoriza cobros municipales mediante tarjetas de cr\u00e9dito y d\u00e9bito.<\/p>\n  <a href=\"https:\/\/digesto.hcd25demayomisiones.gob.ar\/wp-content\/uploads\/2025\/08\/ORDENANZA-VI-No6.pdf\" target=\"_blank\" style=\"color: #004080; font-weight: bold;\" rel=\"noopener\">\ud83d\udce5 Descargar PDF<\/a>\n<\/div>\n\n<div style=\"border: 2px solid #004080; border-radius: 8px; padding: 12px; margin-bottom: 16px; background-color: #f5f8ff;\">\n  <h3 style=\"margin-top: 0; color: #004080;\">\ud83d\udcc4 ORDENANZA VI N\u00ba 7<\/h3>\n  <p>R\u00e9gimen de certificaci\u00f3n de deudas y sanciones. Incluye Anexo \u00danico.<\/p>\n  <a href=\"https:\/\/digesto.hcd25demayomisiones.gob.ar\/wp-content\/uploads\/2025\/07\/ORDENANZA-VI-No7_anexo.pdf\" target=\"_blank\" style=\"color: #004080; font-weight: bold;\" rel=\"noopener\">\ud83d\udce5 Descargar PDF<\/a>\n<\/div>\n\n<div style=\"border: 2px solid #004080; border-radius: 8px; padding: 12px; margin-bottom: 16px; background-color: #f5f8ff;\">\n  <h3 style=\"margin-top: 0; color: #004080;\">\ud83d\udcc4 ORDENANZA VI N\u00ba 9<\/h3>\n  <p>Tratamiento fiscal diferenciado para asociaciones civiles sin fines de lucro.<\/p>\n  <a href=\"https:\/\/digesto.hcd25demayomisiones.gob.ar\/wp-content\/uploads\/2025\/08\/ORDENANZA-VI-No9.pdf\" target=\"_blank\" style=\"color: #004080; font-weight: bold;\" rel=\"noopener\">\ud83d\udce5 Descargar PDF<\/a>\n<\/div>\n\n<div style=\"border: 2px solid #004080; border-radius: 8px; padding: 12px; margin-bottom: 16px; background-color: #f5f8ff;\">\n  <h3 style=\"margin-top: 0; color: #004080;\">\ud83d\udcc4 ORDENANZA VI N\u00ba 10<\/h3>\n  <p>Convenio de regularizaci\u00f3n de tributos adeudados. Incluye Anexo \u00danico.<\/p>\n  <a href=\"https:\/\/digesto.hcd25demayomisiones.gob.ar\/wp-content\/uploads\/2025\/07\/ORDENANZA-VI-No10_ANEXO.pdf\" target=\"_blank\" style=\"color: #004080; font-weight: bold;\" rel=\"noopener\">\ud83d\udce5 Descargar PDF<\/a>\n<\/div>\n\n<div style=\"border: 2px solid #004080; border-radius: 8px; padding: 12px; margin-bottom: 16px; background-color: #f5f8ff;\">\n  <h3 style=\"margin-top: 0; color: #004080;\">\ud83d\udcc4 ORDENANZA VI N\u00ba 11<\/h3>\n  <p>Reglamento de contabilidad y normas de administraci\u00f3n para el municipio.<\/p>\n  <a href=\"https:\/\/digesto.hcd25demayomisiones.gob.ar\/wp-content\/uploads\/2025\/08\/ORDENANZA-VI-No11.pdf\" target=\"_blank\" style=\"color: #004080; font-weight: bold;\" rel=\"noopener\">\ud83d\udce5 Descargar PDF<\/a>\n<\/div>\n\n<div style=\"border: 2px solid #004080; border-radius: 8px; padding: 12px; margin-bottom: 16px; background-color: #f5f8ff;\">\n  <h3 style=\"margin-top: 0; color: #004080;\">\ud83d\udcc4 ORDENANZA VI N\u00ba 19<\/h3>\n  <p>Aprueba el C\u00f3digo Fiscal Municipal. Incluye Anexo \u00danico.<\/p>\n  <a href=\"https:\/\/digesto.hcd25demayomisiones.gob.ar\/wp-content\/uploads\/2025\/07\/ORDENANZA-VI-No19_ANEXO.pdf\" target=\"_blank\" style=\"color: #004080; font-weight: bold;\" rel=\"noopener\">\ud83d\udce5 Descargar PDF<\/a>\n<\/div>\n\n<div style=\"border: 2px solid #004080; border-radius: 8px; padding: 12px; margin-bottom: 16px; background-color: #f5f8ff;\">\n  <h3 style=\"margin-top: 0; color: #004080;\">\ud83d\udcc4 ORDENANZA VI N\u00ba 24<\/h3>\n  <p>Destina el 50% de lo recaudado en tasas municipales a los Bomberos Voluntarios de 25 de Mayo.<\/p>\n  <a href=\"https:\/\/digesto.hcd25demayomisiones.gob.ar\/wp-content\/uploads\/2025\/07\/ORDENANZA-VI-No24.pdf\" target=\"_blank\" style=\"color: #004080; font-weight: bold;\" rel=\"noopener\">\ud83d\udce5 Descargar PDF<\/a>\n<\/div>\n\n<div style=\"border: 2px solid #004080; border-radius: 8px; padding: 12px; margin-bottom: 16px; background-color: #f5f8ff;\">\n  <h3 style=\"margin-top: 0; color: #004080;\">\ud83d\udcc4 ORDENANZA VI N\u00ba 35 <small>(Antes Ordenanza 47\/23)<\/small><\/h3>\n  <p>Presupuesto de Gastos del Ejercicio Fiscal 2024. Incluye Anexo \u00danico con detalles financieros.<\/p>\n<a href=\"https:\/\/digesto.hcd25demayomisiones.gob.ar\/wp-content\/uploads\/2025\/11\/ORDENANZA-VI-No35_anexo.pdf\" target=\"_blank\" style=\"color:#004080; font-weight:bold;\" rel=\"noopener\">\ud83d\udce5 Descargar PDF<\/a>\n<\/div>\n<div style=\"border: 2px solid #004080; border-radius: 8px; padding: 12px; margin-bottom: 16px; background-color: #f5f8ff;\">\n  <h3 style=\"margin-top: 0; color: #004080;\">\ud83d\udcc4 ORDENANZA VI N\u00ba 36 <small>(Antes Ordenanza 48\/23)<\/small><\/h3>\n  <p>Aprueba la Ordenanza General Fiscal A\u00f1o 2024 y su Anexo que forma parte de la misma.<\/p>\n  <a href=\"https:\/\/digesto.hcd25demayomisiones.gob.ar\/wp-content\/uploads\/2025\/07\/ORDENANZA-VI-No36_anexo.pdf\" target=\"_blank\" style=\"color: #004080; font-weight: bold;\" rel=\"noopener\">\ud83d\udce5 Descargar PDF<\/a>\n<\/div>\n\n\n\n<hr class=\"wp-block-separator has-alpha-channel-opacity\"\/>\n\n\n\n<p><\/p>\n\n\n","protected":false},"excerpt":{"rendered":"<p>\ud83d\udcc4 ORDENANZA VI N\u00ba 1 Inter\u00e9s mensual acumulativo del 3% para deudas vencidas seg\u00fan Ordenanza General Tributaria. \ud83d\udce5 Descargar PDF \ud83d\udcc4 ORDENANZA VI N\u00ba 2 Tasa para festivales con orquestas extranjeras con fines de lucro dentro del municipio. \ud83d\udce5 Descargar &hellip; <a href=\"https:\/\/digesto.hcd25demayomisiones.gob.ar\/index.php\/rama-vi-13-2\/\">Segu\u00ed leyendo <span class=\"meta-nav\">&rarr;<\/span><\/a><\/p>\n","protected":false},"author":1,"featured_media":0,"parent":0,"menu_order":0,"comment_status":"closed","ping_status":"closed","template":"","meta":{"footnotes":""},"aioseo_notices":[],"_links":{"self":[{"href":"https:\/\/digesto.hcd25demayomisiones.gob.ar\/index.php\/wp-json\/wp\/v2\/pages\/1099"}],"collection":[{"href":"https:\/\/digesto.hcd25demayomisiones.gob.ar\/index.php\/wp-json\/wp\/v2\/pages"}],"about":[{"href":"https:\/\/digesto.hcd25demayomisiones.gob.ar\/index.php\/wp-json\/wp\/v2\/types\/page"}],"author":[{"embeddable":true,"href":"https:\/\/digesto.hcd25demayomisiones.gob.ar\/index.php\/wp-json\/wp\/v2\/users\/1"}],"replies":[{"embeddable":true,"href":"https:\/\/digesto.hcd25demayomisiones.gob.ar\/index.php\/wp-json\/wp\/v2\/comments?post=1099"}],"version-history":[{"count":17,"href":"https:\/\/digesto.hcd25demayomisiones.gob.ar\/index.php\/wp-json\/wp\/v2\/pages\/1099\/revisions"}],"predecessor-version":[{"id":3013,"href":"https:\/\/digesto.hcd25demayomisiones.gob.ar\/index.php\/wp-json\/wp\/v2\/pages\/1099\/revisions\/3013"}],"wp:attachment":[{"href":"https:\/\/digesto.hcd25demayomisiones.gob.ar\/index.php\/wp-json\/wp\/v2\/media?parent=1099"}],"curies":[{"name":"wp","href":"https:\/\/api.w.org\/{rel}","templated":true}]}}